{"id":10,"date":"2025-11-17T05:56:16","date_gmt":"2025-11-17T05:56:16","guid":{"rendered":"http:\/\/localhost\/basecamp_explorer\/?page_id=10"},"modified":"2026-03-03T09:31:44","modified_gmt":"2026-03-03T09:31:44","slug":"contact-us","status":"publish","type":"page","link":"https:\/\/basecampexplorer.com\/nb\/contact-us\/","title":{"rendered":"Kontakt Oss"},"content":{"rendered":"<section class=\"hero-reusable\" data-height=\"550px\">\n      <!-- Image Background -->\n    <div class=\"hero-reusable-bg\" style=\"background-image: url('https:\/\/basecampexplorer.com\/wp-content\/uploads\/2025\/12\/532e43af4a1073fe8c0bd27f9f4882bbc1c8a00f.jpg');\"><\/div>\n  \n  <div class=\"hero-reusable-overlay\"><\/div>\n\n  <div class=\"container hero-reusable-content text-center\">\n          <p class=\"hero-reusable-sub\">Start ditt arktiske eventyr<\/p>\n        \n          <div class=\"hero-reusable-title\">\n        <p>Kontakt v\u00e5re reisedesignere<\/p>\n      <\/div>\n      <\/div>\n<\/section>\n\n\n\n<div class=\"wp-block-group container custom-form\"><div class=\"wp-block-group__inner-container is-layout-constrained wp-block-group-is-layout-constrained\"><div class=\"frm_forms  with_frm_style frm_style_formidable-style\" id=\"frm_form_1_container\" >\n<form enctype=\"multipart\/form-data\" method=\"post\" class=\"frm-show-form  frm_pro_form\" id=\"form_contact-form\" action=\"\" >\n<div class=\"frm_form_fields\">\n<fieldset>\n<legend class=\"frm_screen_reader\">Kontakt Oss<\/legend>\r\n\r\n<div class=\"frm_fields_container\">\n<input type=\"hidden\" name=\"frm_action\" value=\"create\" \/>\n<input type=\"hidden\" name=\"form_id\" value=\"1\" \/>\n<input type=\"hidden\" name=\"frm_hide_fields_1\" id=\"frm_hide_fields_1\" value=\"\" \/>\n<input type=\"hidden\" name=\"form_key\" value=\"contact-form\" \/>\n<input type=\"hidden\" name=\"item_meta[0]\" value=\"\" \/>\n<input type=\"hidden\" id=\"frm_submit_entry_1\" name=\"frm_submit_entry_1\" value=\"b529425b8f\" \/><input type=\"hidden\" name=\"_wp_http_referer\" value=\"\/nb\/wp-json\/wp\/v2\/pages\/10\" \/><div id=\"frm_field_1_container\" class=\"frm_form_field form-field  frm_required_field frm_top_container frm6 frm_first\">\r\n\t<label for=\"field_qh4icy\" id=\"field_qh4icy_label\" class=\"frm_primary_label\">Fornavn \r\n\t\t<span class=\"frm_required\" aria-hidden=\"true\">*<\/span>\r\n\t<\/label>\r\n\t<input  type=\"text\" id=\"field_qh4icy\" name=\"item_meta[1]\" value=\"\"  placeholder=\"John\" data-reqmsg=\"First Name  cannot be blank.\" aria-required=\"true\" data-invmsg=\"First Name  is invalid\" aria-invalid=\"false\"   \/>\r\n\t\r\n\t\r\n<\/div>\n<div id=\"frm_field_19_container\" class=\"frm_form_field form-field  frm_required_field frm_top_container frm6\">\r\n\t<label for=\"field_bjuu2\" id=\"field_bjuu2_label\" class=\"frm_primary_label\">Etternavn\r\n\t\t<span class=\"frm_required\" aria-hidden=\"true\">*<\/span>\r\n\t<\/label>\r\n\t<input  type=\"text\" id=\"field_bjuu2\" name=\"item_meta[19]\" value=\"\"  data-reqmsg=\"Last Name cannot be blank.\" aria-required=\"true\" data-invmsg=\"Last Name is invalid\" aria-invalid=\"false\"   \/>\r\n\t\r\n\t\r\n<\/div>\n<div id=\"frm_field_8_container\" class=\"frm_form_field form-field  frm_required_field frm_top_container frm6 frm_first\">\r\n\t<label for=\"field_hmpmf\" id=\"field_hmpmf_label\" class=\"frm_primary_label\">Postnummer\r\n\t\t<span class=\"frm_required\" aria-hidden=\"true\">*<\/span>\r\n\t<\/label>\r\n\t<input  type=\"text\" id=\"field_hmpmf\" name=\"item_meta[8]\" value=\"\"  placeholder=\"1234\" data-reqmsg=\"Postal Code cannot be blank.\" aria-required=\"true\" data-invmsg=\"Postal Code is invalid\" aria-invalid=\"false\"   \/>\r\n\t\r\n\t\r\n<\/div>\n<div id=\"frm_field_13_container\" class=\"frm_form_field form-field  frm_required_field frm_top_container frm6\">\r\n\t<label for=\"field_nrng9\" id=\"field_nrng9_label\" class=\"frm_primary_label\">By\r\n\t\t<span class=\"frm_required\" aria-hidden=\"true\">*<\/span>\r\n\t<\/label>\r\n\t<input  type=\"text\" id=\"field_nrng9\" name=\"item_meta[13]\" value=\"\"  placeholder=\"Muren\" data-reqmsg=\"City cannot be blank.\" aria-required=\"true\" data-invmsg=\"City is invalid\" aria-invalid=\"false\"   \/>\r\n\t\r\n\t\r\n<\/div>\n<div id=\"frm_field_14_container\" class=\"frm_form_field form-field  frm_required_field frm_top_container frm6 frm_first\">\r\n\t<label for=\"field_1s3qi\" id=\"field_1s3qi_label\" class=\"frm_primary_label\">Mobiltelefon inkl. landskode\r\n\t\t<span class=\"frm_required\" aria-hidden=\"true\">*<\/span>\r\n\t<\/label>\r\n\t<input type=\"tel\" id=\"field_1s3qi\" name=\"item_meta[14]\" value=\"\"  data-reqmsg=\"Mobile phone incl. country code cannot be blank.\" aria-required=\"true\" data-invmsg=\"Mobile phone incl. country code is invalid\" aria-invalid=\"false\" pattern=\"((\\+\\d{1,3}(-|.| )?\\(?\\d\\)?(-| |.)?\\d{1,5})|(\\(?\\d{2,6}\\)?))(-|.| )?(\\d{3,4})(-|.| )?(\\d{4})(( x| ext)\\d{1,5}){0,1}$\"  \/>\r\n\t\r\n\t\r\n<\/div>\n<div id=\"frm_field_3_container\" class=\"frm_form_field form-field  frm_required_field frm_top_container frm6\">\r\n\t<label for=\"field_29yf4d\" id=\"field_29yf4d_label\" class=\"frm_primary_label\">E-post\r\n\t\t<span class=\"frm_required\" aria-hidden=\"true\">*<\/span>\r\n\t<\/label>\r\n\t<input type=\"email\" id=\"field_29yf4d\" name=\"item_meta[3]\" value=\"\"  data-reqmsg=\"Email cannot be blank.\" aria-required=\"true\" data-invmsg=\"Please enter a valid email address\" aria-invalid=\"false\"  \/>\r\n\t\r\n\t\r\n<\/div>\n<div id=\"frm_field_15_container\" class=\"frm_form_field form-field  frm_top_container\">\r\n\t<label for=\"field_v4sws\" id=\"field_v4sws_label\" class=\"frm_primary_label\">Nasjonalitet\r\n\t\t<span class=\"frm_required\" aria-hidden=\"true\"><\/span>\r\n\t<\/label>\r\n\t\t\t<select name=\"item_meta[15]\" id=\"field_v4sws\"  data-frmval=\"United States\" data-invmsg=\"Nationality is invalid\" aria-invalid=\"false\"  >\n\t\t<option  value=\"Afghanistan\">Afghanistan<\/option><option  value=\"Albania\">Albania<\/option><option  value=\"Algeria\">Algerie<\/option><option  value=\"American Samoa\">Amerikansk Samoa<\/option><option  value=\"Andorra\">Andorra<\/option><option  value=\"Angola\">Angola<\/option><option  value=\"Antigua and Barbuda\">Antigua og Barbuda<\/option><option  value=\"Argentina\">Argentina<\/option><option  value=\"Armenia\">Armenia<\/option><option  value=\"Australia\">Australia<\/option><option  value=\"Austria\">\u00d8sterrike<\/option><option  value=\"Azerbaijan\">Aserbajdsjan<\/option><option  value=\"Bahamas\">Bahamas<\/option><option  value=\"Bahrain\">Bahrain<\/option><option  value=\"Bangladesh\">Bangladesh<\/option><option  value=\"Barbados\">Barbados<\/option><option  value=\"Belarus\">Hviterussland<\/option><option  value=\"Belgium\">Belgia<\/option><option  value=\"Belize\">Belize<\/option><option  value=\"Benin\">Benin<\/option><option  value=\"Bermuda\">Bermuda<\/option><option  value=\"Bhutan\">Bhutan<\/option><option  value=\"Bolivia\">Bolivia<\/option><option  value=\"Bosnia and Herzegovina\">Bosnia-Hercegovina<\/option><option  value=\"Botswana\">Botswana<\/option><option  value=\"Brazil\">Brasil<\/option><option  value=\"Brunei\">Brunei<\/option><option  value=\"Bulgaria\">Bulgaria<\/option><option  value=\"Burkina Faso\">Burkina Faso<\/option><option  value=\"Burundi\">Burundi<\/option><option  value=\"Cambodia\">Kambodsja<\/option><option  value=\"Cameroon\">Kamerun<\/option><option  value=\"Canada\">Canada<\/option><option  value=\"Cape Verde\">Kapp Verde<\/option><option  value=\"Cayman Islands\">Cayman\u00f8yene<\/option><option  value=\"Central African Republic\">Den sentralafrikanske republikk<\/option><option  value=\"Chad\">Chad<\/option><option  value=\"Chile\">Chile<\/option><option  value=\"China\">Kina<\/option><option  value=\"Colombia\">Colombia<\/option><option  value=\"Comoros\">Komorene<\/option><option  value=\"Congo, Democratic Republic of the\">Kongo, Den demokratiske republikken Kongo<\/option><option  value=\"Congo, Republic of the\">Kongo, Republikken Kongo<\/option><option  value=\"Costa Rica\">Costa Rica<\/option><option  value=\"C\u00f4te d&#039;Ivoire\">Elfenbenskysten<\/option><option  value=\"Croatia\">Kroatia<\/option><option  value=\"Cuba\">Cuba<\/option><option  value=\"Cura\u00e7ao\">Cura\u00e7ao<\/option><option  value=\"Cyprus\">Kypros<\/option><option  value=\"Czech Republic\">Tsjekkia<\/option><option  value=\"Denmark\">Danmark<\/option><option  value=\"Djibouti\">Djibouti<\/option><option  value=\"Dominica\">Dominica<\/option><option  value=\"Dominican Republic\">Den dominikanske republikk<\/option><option  value=\"East Timor\">\u00d8st-Timor<\/option><option  value=\"Ecuador\">Ecuador<\/option><option  value=\"Egypt\">Egypt<\/option><option  value=\"El Salvador\">El Salvador<\/option><option  value=\"Equatorial Guinea\">Ekvatorial-Guinea<\/option><option  value=\"Eritrea\">Eritrea<\/option><option  value=\"Estonia\">Estland<\/option><option  value=\"Ethiopia\">Etiopia<\/option><option  value=\"Faroe Islands\">F\u00e6r\u00f8yene<\/option><option  value=\"Fiji\">Fiji<\/option><option  value=\"Finland\">Finland<\/option><option  value=\"France\">Frankrike<\/option><option  value=\"French Polynesia\">Fransk Polynesia<\/option><option  value=\"Gabon\">Gabon<\/option><option  value=\"Gambia\">Gambia<\/option><option  value=\"Georgia\">Georgia<\/option><option  value=\"Germany\">Tyskland<\/option><option  value=\"Ghana\">Ghana<\/option><option  value=\"Greece\">Hellas<\/option><option  value=\"Greenland\">Gr\u00f8nland<\/option><option  value=\"Grenada\">Grenada<\/option><option  value=\"Guam\">Guam<\/option><option  value=\"Guatemala\">Guatemala<\/option><option  value=\"Guinea\">Guinea<\/option><option  value=\"Guinea-Bissau\">Guinea-Bissau<\/option><option  value=\"Guyana\">Guyana<\/option><option  value=\"Haiti\">Haiti<\/option><option  value=\"Honduras\">Honduras<\/option><option  value=\"Hong Kong\">Hong Kong<\/option><option  value=\"Hungary\">Ungarn<\/option><option  value=\"Iceland\">Island<\/option><option  value=\"India\">India<\/option><option  value=\"Indonesia\">Indonesia<\/option><option  value=\"Iran\">Iran<\/option><option  value=\"Iraq\">Irak<\/option><option  value=\"Ireland\">Irland<\/option><option  value=\"Israel\">Israel<\/option><option  value=\"Italy\">Italia<\/option><option  value=\"Jamaica\">Jamaica<\/option><option  value=\"Japan\">Japan<\/option><option  value=\"Jordan\">Jordan<\/option><option  value=\"Kazakhstan\">Kasakhstan<\/option><option  value=\"Kenya\">Kenya<\/option><option  value=\"Kiribati\">Kiribati<\/option><option  value=\"South Korea\">S\u00f8r-Korea<\/option><option  value=\"Kosovo\">Kosovo<\/option><option  value=\"Kuwait\">Kuwait<\/option><option  value=\"Kyrgyzstan\">Kirgisistan<\/option><option  value=\"Laos\">Laos<\/option><option  value=\"Latvia\">Latvia<\/option><option  value=\"Lebanon\">Libanon<\/option><option  value=\"Lesotho\">Lesotho<\/option><option  value=\"Liberia\">Liberia<\/option><option  value=\"Libya\">Libya<\/option><option  value=\"Liechtenstein\">Liechtenstein<\/option><option  value=\"Lithuania\">Litauen<\/option><option  value=\"Luxembourg\">Luxembourg<\/option><option  value=\"Macedonia\">Makedonia<\/option><option  value=\"Madagascar\">Madagaskar<\/option><option  value=\"Malawi\">Malawi<\/option><option  value=\"Malaysia\">Malaysia<\/option><option  value=\"Maldives\">Maldivene<\/option><option  value=\"Mali\">Mali<\/option><option  value=\"Malta\">Malta<\/option><option  value=\"Marshall Islands\">Marshall\u00f8yene<\/option><option  value=\"Mauritania\">Mauritania<\/option><option  value=\"Mauritius\">Mauritius<\/option><option  value=\"Mexico\">Mexico<\/option><option  value=\"Micronesia\">Mikronesia<\/option><option  value=\"Moldova\">Moldova<\/option><option  value=\"Monaco\">Monaco<\/option><option  value=\"Mongolia\">Mongolia<\/option><option  value=\"Montenegro\">Montenegro<\/option><option  value=\"Morocco\">Marokko<\/option><option  value=\"Mozambique\">Mosambik<\/option><option  value=\"Myanmar\">Myanmar<\/option><option  value=\"Namibia\">Namibia<\/option><option  value=\"Nauru\">Nauru<\/option><option  value=\"Nepal\">Nepal<\/option><option  value=\"Netherlands\">Nederland<\/option><option  value=\"New Zealand\">New Zealand<\/option><option  value=\"Nicaragua\">Nicaragua<\/option><option  value=\"Niger\">Niger<\/option><option  value=\"Nigeria\">Nigeria<\/option><option  value=\"Northern Mariana Islands\">Nord-Marianene<\/option><option  value=\"North Korea\">Nord-Korea<\/option><option  value=\"Norway\">Norge<\/option><option  value=\"Oman\">Oman<\/option><option  value=\"Pakistan\">Pakistan<\/option><option  value=\"Palau\">Palau<\/option><option  value=\"Palestine, State of\">Palestina, Staten Palestina<\/option><option  value=\"Panama\">Panama<\/option><option  value=\"Papua New Guinea\">Papua Ny-Guinea<\/option><option  value=\"Paraguay\">Paraguay<\/option><option  value=\"Peru\">Peru<\/option><option  value=\"Philippines\">Filippinene<\/option><option  value=\"Poland\">Polen<\/option><option  value=\"Portugal\">Portugal<\/option><option  value=\"Puerto Rico\">Puerto Rico<\/option><option  value=\"Qatar\">Qatar<\/option><option  value=\"Romania\">Romania<\/option><option  value=\"Russia\">Russland<\/option><option  value=\"Rwanda\">Rwanda<\/option><option  value=\"Saint Kitts and Nevis\">Saint Kitts og Nevis<\/option><option  value=\"Saint Lucia\">Saint Lucia<\/option><option  value=\"Saint Vincent and the Grenadines\">Saint Vincent og Grenadinene<\/option><option  value=\"Samoa\">Samoa<\/option><option  value=\"San Marino\">San Marino<\/option><option  value=\"Sao Tome and Principe\">Sao Tome og Principe<\/option><option  value=\"Saudi Arabia\">Saudi-Arabia<\/option><option  value=\"Senegal\">Senegal<\/option><option  value=\"Serbia\">Serbia<\/option><option  value=\"Seychelles\">Seychellene<\/option><option  value=\"Sierra Leone\">Sierra Leone<\/option><option  value=\"Singapore\">Singapore<\/option><option  value=\"Sint Maarten\">Sint Maarten<\/option><option  value=\"Slovakia\">Slovakia<\/option><option  value=\"Slovenia\">Slovenia<\/option><option  value=\"Solomon Islands\">Salomon\u00f8yene<\/option><option  value=\"Somalia\">Somalia<\/option><option  value=\"South Africa\">S\u00f8r-Afrika<\/option><option  value=\"Spain\">Spania<\/option><option  value=\"Sri Lanka\">Sri Lanka<\/option><option  value=\"Sudan\">Sudan<\/option><option  value=\"South Sudan\">S\u00f8r-Sudan<\/option><option  value=\"Suriname\">Surinam<\/option><option  value=\"Swaziland\">Swaziland<\/option><option  value=\"Sweden\">Sverige<\/option><option  value=\"Switzerland\">Sveits<\/option><option  value=\"Syria\">Syria<\/option><option  value=\"Taiwan\">Taiwan<\/option><option  value=\"Tajikistan\">Tadsjikistan<\/option><option  value=\"Tanzania\">Tanzania<\/option><option  value=\"Thailand\">Thailand<\/option><option  value=\"Togo\">Togo<\/option><option  value=\"Tonga\">Tonga<\/option><option  value=\"Trinidad and Tobago\">Trinidad og Tobago<\/option><option  value=\"Tunisia\">Tunisia<\/option><option  value=\"Turkey\">Tyrkia<\/option><option  value=\"Turkmenistan\">Turkmenistan<\/option><option  value=\"Tuvalu\">Tuvalu<\/option><option  value=\"Uganda\">Uganda<\/option><option  value=\"Ukraine\">Ukraina<\/option><option  value=\"United Arab Emirates\">De forente arabiske emirater<\/option><option  value=\"United Kingdom\">Storbritannia<\/option><option  value=\"United States\" selected='selected'>USA<\/option><option  value=\"Uruguay\">Uruguay<\/option><option  value=\"Uzbekistan\">Usbekistan<\/option><option  value=\"Vanuatu\">Vanuatu<\/option><option  value=\"Vatican City\">Vatikanstaten<\/option><option  value=\"Venezuela\">Venezuela<\/option><option  value=\"Vietnam\">Vietnam<\/option><option  value=\"Virgin Islands, British\">Jomfru\u00f8yene, Britiske<\/option><option  value=\"Virgin Islands, U.S.\">Jomfru\u00f8yene, USA.<\/option><option  value=\"Yemen\">Jemen<\/option><option  value=\"Zambia\">Zambia<\/option><option  value=\"Zimbabwe\">Zimbabwe<\/option>\t<\/select>\n\t\r\n\t\r\n\t\r\n<\/div>\n<div id=\"frm_field_16_container\" class=\"frm_form_field form-field  frm_top_container frm6 frm_first\">\r\n\t<label for=\"field_fw79s\" id=\"field_fw79s_label\" class=\"frm_primary_label\">Jeg planlegger \u00e5 komme\r\n\t\t<span class=\"frm_required\" aria-hidden=\"true\"><\/span>\r\n\t<\/label>\r\n\t<input type=\"text\" id=\"field_fw79s\" name=\"item_meta[16]\" value=\"\"  placeholder=\"mm\/dd\/\u00e5\u00e5\u00e5\u00e5\u00e5\" data-invmsg=\"I&#039;m planning to come is invalid\" class=\"frm_date\" aria-invalid=\"false\"  \/>\r\n\t\r\n\t\r\n<\/div>\n<div id=\"frm_field_26_container\" class=\"frm_form_field form-field  frm_top_container frm6\">\r\n\t<label for=\"field_vsjjk\" id=\"field_vsjjk_label\" class=\"frm_primary_label\">Nedtrekksmeny\r\n\t\t<span class=\"frm_required\" aria-hidden=\"true\"><\/span>\r\n\t<\/label>\r\n\t\t\t<select name=\"item_meta[26]\" id=\"field_vsjjk\"  data-invmsg=\"Dropdown is invalid\" aria-invalid=\"false\"  >\n\t\t<option  value=\"Snowmobiling\">Sn\u00f8scooterkj\u00f8ring<\/option><option  value=\"Dog Sledging\">Hundekj\u00f8ring<\/option><option  value=\"Skiing\">Ski<\/option><option  value=\"Boat Safari\">B\u00e5tsafari<\/option><option  value=\"Hiking\">Vandring<\/option><option  value=\"Kayaking\">Kajakkpadling<\/option><option  value=\"Northern lights\">Nordlys<\/option><option  value=\"Other\">Annet<\/option>\t<\/select>\n\t\r\n\t\r\n\t\r\n<\/div>\n<div id=\"frm_field_5_container\" class=\"frm_form_field form-field  frm_required_field frm_top_container frm_full\">\r\n\t<label for=\"field_9jv0r1\" id=\"field_9jv0r1_label\" class=\"frm_primary_label\">Melding\r\n\t\t<span class=\"frm_required\" aria-hidden=\"true\">*<\/span>\r\n\t<\/label>\r\n\t<textarea name=\"item_meta[5]\" id=\"field_9jv0r1\" rows=\"5\"  data-reqmsg=\"Message cannot be blank.\" aria-required=\"true\" data-invmsg=\"Message is invalid\" aria-invalid=\"false\"  ><\/textarea>\r\n\t\r\n\t\r\n<\/div>\n<div id=\"frm_field_6_container\" class=\"frm_form_field form-field\">\r\n\t<div class=\"frm_submit frm_flex\">\r\n<button class=\"frm_button_submit frm_final_submit\" type=\"submit\"   formnovalidate=\"formnovalidate\">Send inn<\/button>\r\n\r\n\r\n\r\n<\/div>\r\n<\/div>\n\t<input type=\"hidden\" name=\"item_key\" value=\"\" \/>\n\t\t\t<div id=\"frm_field_27_container\">\n\t\t\t<label for=\"field_9jzf3\" >\n\t\t\t\tHvis du er et menneske, kan du la dette feltet st\u00e5 tomt.\t\t\t<\/label>\n\t\t\t<input  id=\"field_9jzf3\" type=\"text\" class=\"frm_form_field form-field frm_verify\" name=\"item_meta[27]\" value=\"\"  \/>\n\t\t<\/div>\n\t\t<input name=\"frm_state\" type=\"hidden\" value=\"iDcRUk7aKB6rXi4rNhBMZmKedLaiYhhMOAMWiWKlqoPBxq0jyPruBipPml39wsyU\" \/><\/div>\n<\/fieldset>\n<\/div>\n\n<input type=\"hidden\" name=\"trp-form-language\" value=\"nb\"\/><\/form>\n<\/div>\n\n<\/div><\/div>\n\n\n\n<p><\/p>","protected":false},"excerpt":{"rendered":"","protected":false},"author":1,"featured_media":0,"parent":0,"menu_order":12,"comment_status":"closed","ping_status":"closed","template":"","meta":{"_acf_changed":false,"footnotes":""},"class_list":["post-10","page","type-page","status-publish","hentry"],"acf":[],"yoast_head":"<!-- This site is optimized with the Yoast SEO plugin v27.2 - https:\/\/yoast.com\/product\/yoast-seo-wordpress\/ -->\n<title>Contact Us - Basecamp Explorer<\/title>\n<meta name=\"robots\" content=\"index, follow, max-snippet:-1, max-image-preview:large, max-video-preview:-1\" \/>\n<link rel=\"canonical\" href=\"https:\/\/basecampexplorer.com\/nb\/contact-us\/\" \/>\n<meta property=\"og:locale\" content=\"nb_NO\" \/>\n<meta property=\"og:type\" content=\"article\" \/>\n<meta property=\"og:title\" content=\"Contact Us - Basecamp Explorer\" \/>\n<meta property=\"og:url\" content=\"https:\/\/basecampexplorer.com\/nb\/contact-us\/\" \/>\n<meta property=\"og:site_name\" content=\"Basecamp Explorer\" \/>\n<meta property=\"article:modified_time\" content=\"2026-03-03T09:31:44+00:00\" \/>\n<meta name=\"twitter:card\" content=\"summary_large_image\" \/>\n<script type=\"application\/ld+json\" class=\"yoast-schema-graph\">{\"@context\":\"https:\/\/schema.org\",\"@graph\":[{\"@type\":\"WebPage\",\"@id\":\"https:\/\/basecampexplorer.com\/contact-us\/\",\"url\":\"https:\/\/basecampexplorer.com\/contact-us\/\",\"name\":\"Contact Us - Basecamp Explorer\",\"isPartOf\":{\"@id\":\"https:\/\/basecampexplorer.com\/#website\"},\"datePublished\":\"2025-11-17T05:56:16+00:00\",\"dateModified\":\"2026-03-03T09:31:44+00:00\",\"breadcrumb\":{\"@id\":\"https:\/\/basecampexplorer.com\/contact-us\/#breadcrumb\"},\"inLanguage\":\"nb-NO\",\"potentialAction\":[{\"@type\":\"ReadAction\",\"target\":[\"https:\/\/basecampexplorer.com\/contact-us\/\"]}]},{\"@type\":\"BreadcrumbList\",\"@id\":\"https:\/\/basecampexplorer.com\/contact-us\/#breadcrumb\",\"itemListElement\":[{\"@type\":\"ListItem\",\"position\":1,\"name\":\"Home\",\"item\":\"https:\/\/basecampexplorer.com\/\"},{\"@type\":\"ListItem\",\"position\":2,\"name\":\"Contact Us\"}]},{\"@type\":\"WebSite\",\"@id\":\"https:\/\/basecampexplorer.com\/#website\",\"url\":\"https:\/\/basecampexplorer.com\/\",\"name\":\"Basecamp Explorer\",\"description\":\"\",\"publisher\":{\"@id\":\"https:\/\/basecampexplorer.com\/#organization\"},\"potentialAction\":[{\"@type\":\"SearchAction\",\"target\":{\"@type\":\"EntryPoint\",\"urlTemplate\":\"https:\/\/basecampexplorer.com\/?s={search_term_string}\"},\"query-input\":{\"@type\":\"PropertyValueSpecification\",\"valueRequired\":true,\"valueName\":\"search_term_string\"}}],\"inLanguage\":\"nb-NO\"},{\"@type\":\"Organization\",\"@id\":\"https:\/\/basecampexplorer.com\/#organization\",\"name\":\"Basecamp Explorer\",\"url\":\"https:\/\/basecampexplorer.com\/\",\"logo\":{\"@type\":\"ImageObject\",\"inLanguage\":\"nb-NO\",\"@id\":\"https:\/\/basecampexplorer.com\/#\/schema\/logo\/image\/\",\"url\":\"https:\/\/basecampexplorer.com\/wp-content\/uploads\/2026\/01\/image-3-2.png\",\"contentUrl\":\"https:\/\/basecampexplorer.com\/wp-content\/uploads\/2026\/01\/image-3-2.png\",\"width\":639,\"height\":437,\"caption\":\"Basecamp Explorer\"},\"image\":{\"@id\":\"https:\/\/basecampexplorer.com\/#\/schema\/logo\/image\/\"},\"sameAs\":[\"https:\/\/www.instagram.com\/basecampexplorer\/\"]}]}<\/script>\n<!-- \/ Yoast SEO plugin. -->","yoast_head_json":{"title":"Kontakt oss - Basecamp Explorer","robots":{"index":"index","follow":"follow","max-snippet":"max-snippet:-1","max-image-preview":"max-image-preview:large","max-video-preview":"max-video-preview:-1"},"canonical":"https:\/\/basecampexplorer.com\/nb\/contact-us\/","og_locale":"nb_NO","og_type":"article","og_title":"Contact Us - Basecamp Explorer","og_url":"https:\/\/basecampexplorer.com\/nb\/contact-us\/","og_site_name":"Basecamp Explorer","article_modified_time":"2026-03-03T09:31:44+00:00","twitter_card":"summary_large_image","schema":{"@context":"https:\/\/schema.org","@graph":[{"@type":"WebPage","@id":"https:\/\/basecampexplorer.com\/contact-us\/","url":"https:\/\/basecampexplorer.com\/contact-us\/","name":"Kontakt oss - Basecamp Explorer","isPartOf":{"@id":"https:\/\/basecampexplorer.com\/#website"},"datePublished":"2025-11-17T05:56:16+00:00","dateModified":"2026-03-03T09:31:44+00:00","breadcrumb":{"@id":"https:\/\/basecampexplorer.com\/contact-us\/#breadcrumb"},"inLanguage":"nb-NO","potentialAction":[{"@type":"ReadAction","target":["https:\/\/basecampexplorer.com\/contact-us\/"]}]},{"@type":"BreadcrumbList","@id":"https:\/\/basecampexplorer.com\/contact-us\/#breadcrumb","itemListElement":[{"@type":"ListItem","position":1,"name":"Home","item":"https:\/\/basecampexplorer.com\/"},{"@type":"ListItem","position":2,"name":"Contact Us"}]},{"@type":"WebSite","@id":"https:\/\/basecampexplorer.com\/#website","url":"https:\/\/basecampexplorer.com\/","name":"Basecamp Explorer","description":"","publisher":{"@id":"https:\/\/basecampexplorer.com\/#organization"},"potentialAction":[{"@type":"SearchAction","target":{"@type":"EntryPoint","urlTemplate":"https:\/\/basecampexplorer.com\/?s={search_term_string}"},"query-input":{"@type":"PropertyValueSpecification","valueRequired":true,"valueName":"search_term_string"}}],"inLanguage":"nb-NO"},{"@type":"Organization","@id":"https:\/\/basecampexplorer.com\/#organization","name":"Basecamp Explorer","url":"https:\/\/basecampexplorer.com\/","logo":{"@type":"ImageObject","inLanguage":"nb-NO","@id":"https:\/\/basecampexplorer.com\/#\/schema\/logo\/image\/","url":"https:\/\/basecampexplorer.com\/wp-content\/uploads\/2026\/01\/image-3-2.png","contentUrl":"https:\/\/basecampexplorer.com\/wp-content\/uploads\/2026\/01\/image-3-2.png","width":639,"height":437,"caption":"Basecamp Explorer"},"image":{"@id":"https:\/\/basecampexplorer.com\/#\/schema\/logo\/image\/"},"sameAs":["https:\/\/www.instagram.com\/basecampexplorer\/"]}]}},"_links":{"self":[{"href":"https:\/\/basecampexplorer.com\/nb\/wp-json\/wp\/v2\/pages\/10","targetHints":{"allow":["GET"]}}],"collection":[{"href":"https:\/\/basecampexplorer.com\/nb\/wp-json\/wp\/v2\/pages"}],"about":[{"href":"https:\/\/basecampexplorer.com\/nb\/wp-json\/wp\/v2\/types\/page"}],"author":[{"embeddable":true,"href":"https:\/\/basecampexplorer.com\/nb\/wp-json\/wp\/v2\/users\/1"}],"replies":[{"embeddable":true,"href":"https:\/\/basecampexplorer.com\/nb\/wp-json\/wp\/v2\/comments?post=10"}],"version-history":[{"count":11,"href":"https:\/\/basecampexplorer.com\/nb\/wp-json\/wp\/v2\/pages\/10\/revisions"}],"predecessor-version":[{"id":3527,"href":"https:\/\/basecampexplorer.com\/nb\/wp-json\/wp\/v2\/pages\/10\/revisions\/3527"}],"wp:attachment":[{"href":"https:\/\/basecampexplorer.com\/nb\/wp-json\/wp\/v2\/media?parent=10"}],"curies":[{"name":"wp","href":"https:\/\/api.w.org\/{rel}","templated":true}]}}