{"id":1712,"date":"2026-01-20T11:08:49","date_gmt":"2026-01-20T11:08:49","guid":{"rendered":"https:\/\/baseca-28691.angelo-osl.servebolt.cloud\/?page_id=1712"},"modified":"2026-03-17T10:24:26","modified_gmt":"2026-03-17T10:24:26","slug":"vi-er-resertifisert-for-miljoet","status":"publish","type":"page","link":"https:\/\/basecampexplorer.com\/nb\/vi-er-resertifisert-for-miljoet\/","title":{"rendered":"Basecamp Hotel og Isfjord Radio sertifisert som Milj\u00f8fyrt\u00e5rn-hotell"},"content":{"rendered":"<p><\/p>\n\n\n\n<figure class=\"wp-block-image size-large\"><img loading=\"lazy\" decoding=\"async\" width=\"1024\" height=\"576\" src=\"https:\/\/basecampexplorer.com\/wp-content\/uploads\/2026\/01\/base-camp-572-1920x1080-1-1024x576.jpg\" alt=\"\" class=\"wp-image-1765\" srcset=\"https:\/\/basecampexplorer.com\/wp-content\/uploads\/2026\/01\/base-camp-572-1920x1080-1-1024x576.jpg 1024w, https:\/\/basecampexplorer.com\/wp-content\/uploads\/2026\/01\/base-camp-572-1920x1080-1-300x169.jpg 300w, https:\/\/basecampexplorer.com\/wp-content\/uploads\/2026\/01\/base-camp-572-1920x1080-1-768x432.jpg 768w, https:\/\/basecampexplorer.com\/wp-content\/uploads\/2026\/01\/base-camp-572-1920x1080-1-1536x864.jpg 1536w, https:\/\/basecampexplorer.com\/wp-content\/uploads\/2026\/01\/base-camp-572-1920x1080-1-18x10.jpg 18w, https:\/\/basecampexplorer.com\/wp-content\/uploads\/2026\/01\/base-camp-572-1920x1080-1.jpg 1920w\" sizes=\"auto, (max-width: 1024px) 100vw, 1024px\" \/><\/figure>\n\n\n\n<p class=\"has-medium-font-size\">Basecamp Hotel i Longyearbyen og Isfjord Radiostasjon er offisielt sertifisert som Milj\u00f8fyrt\u00e5rn-virksomheter. Sertifiseringen bekrefter overnattingsstedenes langsiktige satsing p\u00e5 b\u00e6rekraftig drift i nordomr\u00e5dene.<\/p>\n\n\n\n<p>\u00c5 drive hotell i et av verdens mest s\u00e5rbare naturomr\u00e5der inneb\u00e6rer et spesielt ansvar. Gjennom Milj\u00f8fyrt\u00e5rn-sertifiseringen dokumenterer Basecamp Explorer Spitsbergen at begge hotellene oppfyller strenge krav til milj\u00f8ledelse, energibruk, avfallsreduksjon, innkj\u00f8p og praksis p\u00e5 arbeidsplassen.<\/p>\n\n\n\n<p>For teamet bak de to overnattingsstedene har b\u00e6rekraft alltid v\u00e6rt en integrert del av den daglige driften. Sertifiseringen styrker og formaliserer det p\u00e5g\u00e5ende arbeidet med \u00e5 redusere milj\u00f8p\u00e5virkningen og samtidig tilby gjestene autentiske arktiske opplevelser.<\/p>\n\n\n\n<p>\u201cVi i Basecamp mener at naturbasert turisme m\u00e5 bidra positivt til milj\u00f8et og lokalsamfunnene der vi opererer\u201d, sier ledelsen ved Basecamp Explorer Spitsbergen. \u201cMilj\u00f8fyrt\u00e5rnsertifiseringen hjelper oss med \u00e5 strukturere og dokumentere det arbeidet vi allerede gj\u00f8r, samtidig som den presser oss til \u00e5 bli enda bedre.\u201d<\/p>\n\n\n\n<p>B\u00e5de Basecamp Hotel og Isfjord Radiostasjon opererer i n\u00e6r tilknytning til det omkringliggende arktiske landskapet. B\u00e6rekraftstiltak er integrert i den daglige driften, fra energibruk og avfallsh\u00e5ndtering til ansvarlige innkj\u00f8p og bevisstgj\u00f8ring av gjestene.<\/p>\n\n\n\n<p>For gjester som bes\u00f8ker Svalbard, gir sertifiseringen en ekstra forsikring om at oppholdet deres st\u00f8tter en reiselivsmodell som respekterer den s\u00e5rbare arktiske naturen.<\/p>\n\n\n\n<p>Milj\u00f8fyrt\u00e5rnsertifiseringen er Norges mest brukte milj\u00f8sertifiseringsordning for bedrifter og organisasjoner, og hjelper bedrifter med \u00e5 jobbe systematisk med b\u00e6rekraft og redusere sitt milj\u00f8fotavtrykk.<\/p>\n\n\n\n<p>For Basecamp Explorer Spitsbergen er ikke sertifiseringen et endelig m\u00e5l, men et nytt skritt p\u00e5 en kontinuerlig reise mot ansvarlig arktisk reiseliv.<\/p>\n\n\n\n<p class=\"has-text-align-center\"><\/p>\n\n\n\n<p><\/p>\n\n\n<section class=\"hero\">\n      <!-- Image Background -->\n    <div class=\"hero-bg\" style=\"background-image: url('');\"><\/div>\n  \n  <div class=\"hero-overlay\"><\/div>\n\n  <div class=\"container hero-content text-center\">\n    <p class=\"hero-sub\"><\/p>\n    <h1 class=\"hero-title hero-title-1\">\n       <br>\n  <\/h1>\n    <h1 class=\"hero-title hero-title-2\">\n          <\/h1>\n    <p class=\"hero-desc\">\n          <\/p>\n\n    <!-- <a href=\"#journey\" class=\"hero-scroll\">\n      <span class=\"scroll-text\">SCROLL DOWN<\/span>\n\n       Arrow SVG -->\n      <!-- <div class=\"arrow-wrap\">\n            <svg class=\"scroll-icon\" width=\"60\" height=\"60\" viewBox=\"0 0 40 40\" fill=\"none\">\n                <circle cx=\"20\" cy=\"20\" r=\"19\" stroke=\"#fff\" stroke-width=\"1\" opacity=\"0.7\" \/>\n\n                <path class=\"arrow-down\"\n                d=\"M20 14v12M14 20l6 6 6-6\"\n                stroke=\"#fff\"\n                stroke-width=\"1\"\n                stroke-linecap=\"round\"\n                stroke-linejoin=\"round\"\n                \/>\n            <\/svg>\n        <\/div> -->\n\n\n    <!-- <\/a> -->\n\n  <\/div>\n<\/section>","protected":false},"excerpt":{"rendered":"<p>Basecamp Hotel i Longyearbyen og Isfjord Radiostasjon er offisielt sertifisert som Milj\u00f8fyrt\u00e5rn-virksomheter. Sertifiseringen bekrefter overnattingsstedenes langsiktige satsing p\u00e5 b\u00e6rekraftig drift i nordomr\u00e5dene. \u00c5 drive hotell i et av verdens mest s\u00e5rbare naturomr\u00e5der inneb\u00e6rer et spesielt ansvar. Gjennom Milj\u00f8fyrt\u00e5rn-sertifiseringen dokumenterer Basecamp Explorer Spitsbergen at begge hotellene [...]<\/p>","protected":false},"author":1,"featured_media":3016,"parent":0,"menu_order":4,"comment_status":"closed","ping_status":"closed","template":"page-legal.php","meta":{"_acf_changed":false,"footnotes":""},"class_list":["post-1712","page","type-page","status-publish","has-post-thumbnail","hentry"],"acf":[],"yoast_head":"<!-- This site is optimized with the Yoast SEO plugin v27.2 - https:\/\/yoast.com\/product\/yoast-seo-wordpress\/ -->\n<title>Basecamp Hotel and Isfjord Radio certified as Eco-Lighthouse hotels - Basecamp Explorer<\/title>\n<meta name=\"robots\" content=\"index, follow, max-snippet:-1, max-image-preview:large, max-video-preview:-1\" \/>\n<link rel=\"canonical\" href=\"https:\/\/basecampexplorer.com\/nb\/vi-er-resertifisert-for-miljoet\/\" \/>\n<meta property=\"og:locale\" content=\"nb_NO\" \/>\n<meta property=\"og:type\" content=\"article\" \/>\n<meta property=\"og:title\" content=\"Basecamp Hotel and Isfjord Radio certified as Eco-Lighthouse hotels - Basecamp Explorer\" \/>\n<meta property=\"og:description\" content=\"Basecamp Hotel in Longyearbyen and Isfjord Radio Station are officially certified as Eco-Lighthouse businesses. The certification confirms the accommodations\u2019 long-term commitment to sustainable operations in the High Arctic. Operating hotels in one of the world\u2019s most vulnerable natural environments comes with a special responsibility. Through the Eco-Lighthouse certification, Basecamp Explorer Spitsbergen documents that both hotels [&hellip;]\" \/>\n<meta property=\"og:url\" content=\"https:\/\/basecampexplorer.com\/nb\/vi-er-resertifisert-for-miljoet\/\" \/>\n<meta property=\"og:site_name\" content=\"Basecamp Explorer\" \/>\n<meta property=\"article:modified_time\" content=\"2026-03-17T10:24:26+00:00\" \/>\n<meta property=\"og:image\" content=\"https:\/\/basecampexplorer.com\/wp-content\/uploads\/2026\/02\/a-lite-DSC_5845-9.jpg\" \/>\n\t<meta property=\"og:image:width\" content=\"2048\" \/>\n\t<meta property=\"og:image:height\" content=\"1365\" \/>\n\t<meta property=\"og:image:type\" content=\"image\/jpeg\" \/>\n<meta name=\"twitter:card\" content=\"summary_large_image\" \/>\n<meta name=\"twitter:label1\" content=\"Ansl. lesetid\" \/>\n\t<meta name=\"twitter:data1\" content=\"1 minutt\" \/>\n<script type=\"application\/ld+json\" class=\"yoast-schema-graph\">{\"@context\":\"https:\/\/schema.org\",\"@graph\":[{\"@type\":\"WebPage\",\"@id\":\"https:\/\/basecampexplorer.com\/vi-er-resertifisert-for-miljoet\/\",\"url\":\"https:\/\/basecampexplorer.com\/vi-er-resertifisert-for-miljoet\/\",\"name\":\"Basecamp Hotel and Isfjord Radio certified as Eco-Lighthouse hotels - Basecamp Explorer\",\"isPartOf\":{\"@id\":\"https:\/\/basecampexplorer.com\/#website\"},\"primaryImageOfPage\":{\"@id\":\"https:\/\/basecampexplorer.com\/vi-er-resertifisert-for-miljoet\/#primaryimage\"},\"image\":{\"@id\":\"https:\/\/basecampexplorer.com\/vi-er-resertifisert-for-miljoet\/#primaryimage\"},\"thumbnailUrl\":\"https:\/\/basecampexplorer.com\/wp-content\/uploads\/2026\/02\/a-lite-DSC_5845-9.jpg\",\"datePublished\":\"2026-01-20T11:08:49+00:00\",\"dateModified\":\"2026-03-17T10:24:26+00:00\",\"breadcrumb\":{\"@id\":\"https:\/\/basecampexplorer.com\/vi-er-resertifisert-for-miljoet\/#breadcrumb\"},\"inLanguage\":\"nb-NO\",\"potentialAction\":[{\"@type\":\"ReadAction\",\"target\":[\"https:\/\/basecampexplorer.com\/vi-er-resertifisert-for-miljoet\/\"]}]},{\"@type\":\"ImageObject\",\"inLanguage\":\"nb-NO\",\"@id\":\"https:\/\/basecampexplorer.com\/vi-er-resertifisert-for-miljoet\/#primaryimage\",\"url\":\"https:\/\/basecampexplorer.com\/wp-content\/uploads\/2026\/02\/a-lite-DSC_5845-9.jpg\",\"contentUrl\":\"https:\/\/basecampexplorer.com\/wp-content\/uploads\/2026\/02\/a-lite-DSC_5845-9.jpg\",\"width\":2048,\"height\":1365},{\"@type\":\"BreadcrumbList\",\"@id\":\"https:\/\/basecampexplorer.com\/vi-er-resertifisert-for-miljoet\/#breadcrumb\",\"itemListElement\":[{\"@type\":\"ListItem\",\"position\":1,\"name\":\"Home\",\"item\":\"https:\/\/basecampexplorer.com\/\"},{\"@type\":\"ListItem\",\"position\":2,\"name\":\"Basecamp Hotel and Isfjord Radio certified as Eco-Lighthouse hotels\"}]},{\"@type\":\"WebSite\",\"@id\":\"https:\/\/basecampexplorer.com\/#website\",\"url\":\"https:\/\/basecampexplorer.com\/\",\"name\":\"Basecamp Explorer\",\"description\":\"\",\"publisher\":{\"@id\":\"https:\/\/basecampexplorer.com\/#organization\"},\"potentialAction\":[{\"@type\":\"SearchAction\",\"target\":{\"@type\":\"EntryPoint\",\"urlTemplate\":\"https:\/\/basecampexplorer.com\/?s={search_term_string}\"},\"query-input\":{\"@type\":\"PropertyValueSpecification\",\"valueRequired\":true,\"valueName\":\"search_term_string\"}}],\"inLanguage\":\"nb-NO\"},{\"@type\":\"Organization\",\"@id\":\"https:\/\/basecampexplorer.com\/#organization\",\"name\":\"Basecamp Explorer\",\"url\":\"https:\/\/basecampexplorer.com\/\",\"logo\":{\"@type\":\"ImageObject\",\"inLanguage\":\"nb-NO\",\"@id\":\"https:\/\/basecampexplorer.com\/#\/schema\/logo\/image\/\",\"url\":\"https:\/\/basecampexplorer.com\/wp-content\/uploads\/2026\/01\/image-3-2.png\",\"contentUrl\":\"https:\/\/basecampexplorer.com\/wp-content\/uploads\/2026\/01\/image-3-2.png\",\"width\":639,\"height\":437,\"caption\":\"Basecamp Explorer\"},\"image\":{\"@id\":\"https:\/\/basecampexplorer.com\/#\/schema\/logo\/image\/\"},\"sameAs\":[\"https:\/\/www.instagram.com\/basecampexplorer\/\"]}]}<\/script>\n<!-- \/ Yoast SEO plugin. -->","yoast_head_json":{"title":"Basecamp Hotel og Isfjord Radio sertifisert som Milj\u00f8fyrt\u00e5rn-hotell - Basecamp Explorer","robots":{"index":"index","follow":"follow","max-snippet":"max-snippet:-1","max-image-preview":"max-image-preview:large","max-video-preview":"max-video-preview:-1"},"canonical":"https:\/\/basecampexplorer.com\/nb\/vi-er-resertifisert-for-miljoet\/","og_locale":"nb_NO","og_type":"article","og_title":"Basecamp Hotel and Isfjord Radio certified as Eco-Lighthouse hotels - Basecamp Explorer","og_description":"Basecamp Hotel in Longyearbyen and Isfjord Radio Station are officially certified as Eco-Lighthouse businesses. The certification confirms the accommodations\u2019 long-term commitment to sustainable operations in the High Arctic. Operating hotels in one of the world\u2019s most vulnerable natural environments comes with a special responsibility. Through the Eco-Lighthouse certification, Basecamp Explorer Spitsbergen documents that both hotels [&hellip;]","og_url":"https:\/\/basecampexplorer.com\/nb\/vi-er-resertifisert-for-miljoet\/","og_site_name":"Basecamp Explorer","article_modified_time":"2026-03-17T10:24:26+00:00","og_image":[{"width":2048,"height":1365,"url":"https:\/\/basecampexplorer.com\/wp-content\/uploads\/2026\/02\/a-lite-DSC_5845-9.jpg","type":"image\/jpeg"}],"twitter_card":"summary_large_image","twitter_misc":{"Ansl. lesetid":"1 minutt"},"schema":{"@context":"https:\/\/schema.org","@graph":[{"@type":"WebPage","@id":"https:\/\/basecampexplorer.com\/vi-er-resertifisert-for-miljoet\/","url":"https:\/\/basecampexplorer.com\/vi-er-resertifisert-for-miljoet\/","name":"Basecamp Hotel og Isfjord Radio sertifisert som Milj\u00f8fyrt\u00e5rn-hotell - Basecamp Explorer","isPartOf":{"@id":"https:\/\/basecampexplorer.com\/#website"},"primaryImageOfPage":{"@id":"https:\/\/basecampexplorer.com\/vi-er-resertifisert-for-miljoet\/#primaryimage"},"image":{"@id":"https:\/\/basecampexplorer.com\/vi-er-resertifisert-for-miljoet\/#primaryimage"},"thumbnailUrl":"https:\/\/basecampexplorer.com\/wp-content\/uploads\/2026\/02\/a-lite-DSC_5845-9.jpg","datePublished":"2026-01-20T11:08:49+00:00","dateModified":"2026-03-17T10:24:26+00:00","breadcrumb":{"@id":"https:\/\/basecampexplorer.com\/vi-er-resertifisert-for-miljoet\/#breadcrumb"},"inLanguage":"nb-NO","potentialAction":[{"@type":"ReadAction","target":["https:\/\/basecampexplorer.com\/vi-er-resertifisert-for-miljoet\/"]}]},{"@type":"ImageObject","inLanguage":"nb-NO","@id":"https:\/\/basecampexplorer.com\/vi-er-resertifisert-for-miljoet\/#primaryimage","url":"https:\/\/basecampexplorer.com\/wp-content\/uploads\/2026\/02\/a-lite-DSC_5845-9.jpg","contentUrl":"https:\/\/basecampexplorer.com\/wp-content\/uploads\/2026\/02\/a-lite-DSC_5845-9.jpg","width":2048,"height":1365},{"@type":"BreadcrumbList","@id":"https:\/\/basecampexplorer.com\/vi-er-resertifisert-for-miljoet\/#breadcrumb","itemListElement":[{"@type":"ListItem","position":1,"name":"Home","item":"https:\/\/basecampexplorer.com\/"},{"@type":"ListItem","position":2,"name":"Basecamp Hotel and Isfjord Radio certified as Eco-Lighthouse hotels"}]},{"@type":"WebSite","@id":"https:\/\/basecampexplorer.com\/#website","url":"https:\/\/basecampexplorer.com\/","name":"Basecamp Explorer","description":"","publisher":{"@id":"https:\/\/basecampexplorer.com\/#organization"},"potentialAction":[{"@type":"SearchAction","target":{"@type":"EntryPoint","urlTemplate":"https:\/\/basecampexplorer.com\/?s={search_term_string}"},"query-input":{"@type":"PropertyValueSpecification","valueRequired":true,"valueName":"search_term_string"}}],"inLanguage":"nb-NO"},{"@type":"Organization","@id":"https:\/\/basecampexplorer.com\/#organization","name":"Basecamp Explorer","url":"https:\/\/basecampexplorer.com\/","logo":{"@type":"ImageObject","inLanguage":"nb-NO","@id":"https:\/\/basecampexplorer.com\/#\/schema\/logo\/image\/","url":"https:\/\/basecampexplorer.com\/wp-content\/uploads\/2026\/01\/image-3-2.png","contentUrl":"https:\/\/basecampexplorer.com\/wp-content\/uploads\/2026\/01\/image-3-2.png","width":639,"height":437,"caption":"Basecamp Explorer"},"image":{"@id":"https:\/\/basecampexplorer.com\/#\/schema\/logo\/image\/"},"sameAs":["https:\/\/www.instagram.com\/basecampexplorer\/"]}]}},"_links":{"self":[{"href":"https:\/\/basecampexplorer.com\/nb\/wp-json\/wp\/v2\/pages\/1712","targetHints":{"allow":["GET"]}}],"collection":[{"href":"https:\/\/basecampexplorer.com\/nb\/wp-json\/wp\/v2\/pages"}],"about":[{"href":"https:\/\/basecampexplorer.com\/nb\/wp-json\/wp\/v2\/types\/page"}],"author":[{"embeddable":true,"href":"https:\/\/basecampexplorer.com\/nb\/wp-json\/wp\/v2\/users\/1"}],"replies":[{"embeddable":true,"href":"https:\/\/basecampexplorer.com\/nb\/wp-json\/wp\/v2\/comments?post=1712"}],"version-history":[{"count":6,"href":"https:\/\/basecampexplorer.com\/nb\/wp-json\/wp\/v2\/pages\/1712\/revisions"}],"predecessor-version":[{"id":4114,"href":"https:\/\/basecampexplorer.com\/nb\/wp-json\/wp\/v2\/pages\/1712\/revisions\/4114"}],"wp:featuredmedia":[{"embeddable":true,"href":"https:\/\/basecampexplorer.com\/nb\/wp-json\/wp\/v2\/media\/3016"}],"wp:attachment":[{"href":"https:\/\/basecampexplorer.com\/nb\/wp-json\/wp\/v2\/media?parent=1712"}],"curies":[{"name":"wp","href":"https:\/\/api.w.org\/{rel}","templated":true}]}}