{"id":305,"date":"2025-12-04T07:32:55","date_gmt":"2025-12-04T07:32:55","guid":{"rendered":"http:\/\/localhost\/basecamp_explorer\/?page_id=305"},"modified":"2025-12-31T07:35:27","modified_gmt":"2025-12-31T07:35:27","slug":"test","status":"publish","type":"page","link":"https:\/\/basecampexplorer.com\/nb\/test\/","title":{"rendered":"test"},"content":{"rendered":"<section class=\"curator-slider-section\">\n\n  <div class=\"curator-section-header\">\n          <h2>Kuratorens valg fra den arktiske sommeren<\/h2>\n        <div class=\"curator-nav-arrows\">\n      <button class=\"curator-prev-btn\">\u2190<\/button>\n      <button class=\"curator-next-btn\">\u2192<\/button>\n    <\/div>\n  <\/div>\n\n  <div class=\"swiper curator-swiper\">\n    <div class=\"swiper-wrapper\">\n\n              <div class=\"swiper-slide\">\n          <div class=\"curator-slide-inner\" >\n            <div class=\"curator-slide-image\">\n                              <img decoding=\"async\" src=\"https:\/\/basecampexplorer.com\/wp-content\/uploads\/2025\/12\/6a0c56db37c56f669ad47f5239c698e26d76763b.jpg\" alt=\"\">\n                          <\/div>\n            <div class=\"curator-slide-content\">\n                              <div class=\"curator-handwritten\">Arktis f\u00f8les ufattelig stort, men samtidig dypt personlig.<\/div>\n                                            <p>Mens vi s\u00e5 midnattssolen gli over fjellene, inns\u00e5 vi hvor sjelden det er \u00e5 oppleve et sted som f\u00f8les b\u00e5de r\u00e5tt og innbydende p\u00e5 samme tid. Guidene ga oss rom til \u00e5 absorbere det hele - stille, respektfullt og i v\u00e5rt eget tempo.<\/p>\n                                            <div class=\"curator-author\">- Emily, USA<\/div>\n                                            <div class=\"curator-meta\">Sommeropplevelse<span> \u2022 <\/span>Basecamp Explorer<\/div>\n                          <\/div>\n          <\/div>\n        <\/div>\n              <div class=\"swiper-slide\">\n          <div class=\"curator-slide-inner\" >\n            <div class=\"curator-slide-image\">\n                              <img decoding=\"async\" src=\"https:\/\/basecampexplorer.com\/wp-content\/uploads\/2025\/12\/a790109331d561d4ec936e3c639b61d4dfac9664.jpg\" alt=\"\">\n                          <\/div>\n            <div class=\"curator-slide-content\">\n                              <div class=\"curator-handwritten\">Arktis f\u00f8les ufattelig stort, men samtidig dypt personlig.<\/div>\n                                            <p>Mens vi s\u00e5 midnattssolen gli over fjellene, inns\u00e5 vi hvor sjelden det er \u00e5 oppleve et sted som f\u00f8les b\u00e5de r\u00e5tt og innbydende p\u00e5 samme tid. Guidene ga oss rom til \u00e5 absorbere det hele - stille, respektfullt og i v\u00e5rt eget tempo.<\/p>\n                                            <div class=\"curator-author\">- Emily, USA<\/div>\n                                            <div class=\"curator-meta\">Sommeropplevelse<span> \u2022 <\/span>Basecamp Explorer<\/div>\n                          <\/div>\n          <\/div>\n        <\/div>\n      \n    <\/div>\n  <\/div>\n\n<\/section>\n\n\n\n\n\n\n<section class=\"text-image-block\" data-layout=\"image-right\">\n  <div class=\"container ti-container\">\n\n    <div class=\"ti-image\">\n              <img decoding=\"async\" \n          src=\"https:\/\/basecampexplorer.com\/wp-content\/uploads\/2025\/12\/Rectangle-21.png\" \n          alt=\"\" \n          loading=\"lazy\"\n        \/>\n          <\/div>\n\n    <div class=\"ti-text\">\n              <h1>Utenfor Allfarvei<\/h1>\n      \n              <div class=\"ti-content\">\n          <p>V\u00e5kn opp til breens hypnotiserende melodi eller det historiske ekkoet fra en tidligere radiostasjon fra 1933. Nordensk\u00f6ld Lodge er stolt av \u00e5 v\u00e6re verdens nordligste kommersielle lodge, og tilbyr en enest\u00e5ende arktisk opplevelse.<\/p>\n<p>Isfjord Radio inviterer reisende til \u00e5 fordype seg i sin avsidesliggende sjarm, langt borte fra sivilisasjonen. Hvert av overnattingsstedene v\u00e5re er et vitnesbyrd om unikhet og karakter, og lover uforglemmelige opphold midt i Svalbards uber\u00f8rte skj\u00f8nnhet.<\/p>\n        <\/div>\n          <\/div>\n\n  <\/div>\n<\/section>\n\n\n\n<section class=\"text-image-block\" data-layout=\"image-right\">\n  <div class=\"container ti-container\">\n\n    <div class=\"ti-image\">\n              <img decoding=\"async\" \n          src=\"https:\/\/basecampexplorer.com\/wp-content\/uploads\/2025\/12\/Rectangle-21.png\" \n          alt=\"\" \n          loading=\"lazy\"\n        \/>\n          <\/div>\n\n    <div class=\"ti-text\">\n              <h1>Utenfor Allfarvei<\/h1>\n      \n              <div class=\"ti-content\">\n          <p><em>V\u00e5kn opp til breens hypnotiserende melodi eller det historiske ekkoet fra en tidligere radiostasjon fra 1933. Nordensk\u00f6ld Lodge er stolt av \u00e5 v\u00e6re verdens nordligste kommersielle lodge, og tilbyr en enest\u00e5ende arktisk opplevelse.<\/em><\/p>\n<p>Isfjord Radio inviterer reisende til \u00e5 fordype seg i sin avsidesliggende sjarm, langt borte fra sivilisasjonen. Hvert av overnattingsstedene v\u00e5re er et vitnesbyrd om unikhet og karakter, og lover uforglemmelige opphold midt i Svalbards uber\u00f8rte skj\u00f8nnhet.<\/p>\n        <\/div>\n          <\/div>\n\n  <\/div>\n<\/section>\n\n\n\n<section class=\"text-image-block\" data-layout=\"image-left\">\n  <div class=\"container ti-container\">\n\n    <div class=\"ti-image\">\n              <img decoding=\"async\" \n          src=\"https:\/\/basecampexplorer.com\/wp-content\/uploads\/2025\/12\/Rectangle-21.png\" \n          alt=\"\" \n          loading=\"lazy\"\n        \/>\n          <\/div>\n\n    <div class=\"ti-text\">\n              <h1>Utenfor Allfarvei<\/h1>\n      \n              <div class=\"ti-content\">\n          <p>V\u00e5kn opp til breens hypnotiserende melodi eller det historiske ekkoet fra en tidligere radiostasjon fra 1933. Nordensk\u00f6ld Lodge er stolt av \u00e5 v\u00e6re verdens nordligste kommersielle lodge, og tilbyr en enest\u00e5ende arktisk opplevelse.<\/p>\n<p>Isfjord Radio inviterer reisende til \u00e5 fordype seg i sin avsidesliggende sjarm, langt borte fra sivilisasjonen. Hvert av overnattingsstedene v\u00e5re er et vitnesbyrd om unikhet og karakter, og lover uforglemmelige opphold midt i Svalbards uber\u00f8rte skj\u00f8nnhet.<\/p>\n        <\/div>\n          <\/div>\n\n  <\/div>\n<\/section>\n\n\n\n<section class=\"text-image-block\" data-layout=\"image-left\">\n  <div class=\"container ti-container\">\n\n    <div class=\"ti-image\">\n              <img decoding=\"async\" \n          src=\"https:\/\/basecampexplorer.com\/wp-content\/uploads\/2025\/12\/Rectangle-21.png\" \n          alt=\"\" \n          loading=\"lazy\"\n        \/>\n          <\/div>\n\n    <div class=\"ti-text\">\n              <h1>Utenfor Allfarvei<\/h1>\n      \n              <div class=\"ti-content\">\n          <ul>\n<li>V\u00e5kn opp til breens hypnotiserende melodi eller det historiske ekkoet fra en tidligere radiostasjon fra 1933. Nordensk\u00f6ld Lodge er stolt av \u00e5 v\u00e6re verdens nordligste kommersielle lodge, og tilbyr en enest\u00e5ende arktisk opplevelse.<\/li>\n<li>Nordensk\u00f6ld Lodge er stolt av \u00e5 v\u00e6re verdens nordligste kommersielle lodge, og tilbyr en enest\u00e5ende arktisk opplevelse.<\/li>\n<li>I mellomtiden lokker Isfjord Radio reisende til \u00e5 fordype seg i sin avsidesliggende sjarm, langt borte fra sivilisasjonen.<\/li>\n<\/ul>\n        <\/div>\n          <\/div>\n\n  <\/div>\n<\/section>\n\n\n\n<section class=\"text-image-block\" data-layout=\"image-left\">\n  <div class=\"container ti-container\">\n\n    <div class=\"ti-image\">\n              <img decoding=\"async\" \n          src=\"https:\/\/basecampexplorer.com\/wp-content\/uploads\/2025\/12\/Rectangle-21.png\" \n          alt=\"\" \n          loading=\"lazy\"\n        \/>\n          <\/div>\n\n    <div class=\"ti-text\">\n              <h1>Utenfor Allfarvei<\/h1>\n      \n              <div class=\"ti-content\">\n          <ol>\n<li>V\u00e5kn opp til breens hypnotiserende melodi eller det historiske ekkoet fra en tidligere radiostasjon fra 1933. Nordensk\u00f6ld Lodge er stolt av \u00e5 v\u00e6re verdens nordligste kommersielle lodge, og tilbyr en enest\u00e5ende arktisk opplevelse.<\/li>\n<li>Nordensk\u00f6ld Lodge er stolt av \u00e5 v\u00e6re verdens nordligste kommersielle lodge, og tilbyr en enest\u00e5ende arktisk opplevelse.<\/li>\n<li>I mellomtiden lokker Isfjord Radio reisende til \u00e5 fordype seg i sin avsidesliggende sjarm, langt borte fra sivilisasjonen.<\/li>\n<\/ol>\n        <\/div>\n          <\/div>\n\n  <\/div>\n<\/section>\n\n\n\n<section class=\"amenities-section\">\n  <div class=\"container\">\n\n          <h1>Hotellinformasjon<\/h1>\n    \n    <div class=\"amenities-text-columns\">\n      <div class=\"amenities-col left\">\n        <p>Isfjord Radio tilbyr unik villmarksovernatting ca. 90 km fra Longyearbyen. Om sommeren har vi b\u00e5tsafari fra Longyearbyen til Isfjord Radio, og om vinteren er et opphold p\u00e5 Isfjord Radio inkludert i et sn\u00f8scooter- eller hundekj\u00f8ringseventyr.<\/p>\n      <\/div>\n\n      <div class=\"amenities-col right\">\n        <p>Hotellet best\u00e5r av en hovedbygning og to separate hus med soverom. Hver bygning har separate toaletter og vaskerom med dusj. Badstuen ligger p\u00e5 kanten av tundraen, med en fantastisk utsikt over Isfjorden og Forlandet.<\/p>\n      <\/div>\n    <\/div>\n\n           <a \n          href=\"#\" \n          target=\"_self\" \n          class=\"amenities-btn\"\n        >\n          Bestill n\u00e5          <img decoding=\"async\" src=\"https:\/\/basecampexplorer.com\/wp-content\/themes\/basecamp-explorer\/assets\/images\/arrow_forward.svg\" alt=\"\" class=\"btn-arrow\">\n        <\/a>\n    \n          <div class=\"amenities-icons\">\n                  <div class=\"amenities-item\">\n                          <img decoding=\"async\" src=\"https:\/\/basecampexplorer.com\/wp-content\/uploads\/2025\/12\/Frame-1.png\" alt=\"Free Wifi\">\n                                      <span>Gratis Wifi<\/span>\n                      <\/div>\n                  <div class=\"amenities-item\">\n                          <img decoding=\"async\" src=\"https:\/\/basecampexplorer.com\/wp-content\/uploads\/2025\/12\/Frame-2.png\" alt=\"February - October\">\n                                      <span>Februar - oktober<\/span>\n                      <\/div>\n                  <div class=\"amenities-item\">\n                          <img decoding=\"async\" src=\"https:\/\/basecampexplorer.com\/wp-content\/uploads\/2025\/12\/Frame-3.png\" alt=\"22 Rooms\">\n                                      <span>22 rom<\/span>\n                      <\/div>\n                  <div class=\"amenities-item\">\n                          <img decoding=\"async\" src=\"https:\/\/basecampexplorer.com\/wp-content\/uploads\/2025\/12\/Frame-4.png\" alt=\"Breakfast &amp; Dinner\">\n                                      <span>Frokost og middag<\/span>\n                      <\/div>\n                  <div class=\"amenities-item\">\n                          <img decoding=\"async\" src=\"https:\/\/basecampexplorer.com\/wp-content\/uploads\/2025\/12\/Frame-5.png\" alt=\"Wilderness Hotel\">\n                                      <span>Wilderness Hotel<\/span>\n                      <\/div>\n              <\/div>\n    \n  <\/div>\n<\/section>\n\n\n\n<section class=\"image-carousel-section black-theme\" style=\"background-color: #ffffff;\">\n\n  <!-- Heading + Controls -->\n  <div class=\"carousel-heading-row container\">\n    \n    <div class=\"carousel-head\">\n      <h1>Utenfor Allfarvei<\/h1>\n    <\/div>\n\n    <div class=\"carousel-heading-controls\">\n      <div class=\"carousel-controller\">\n        <button class=\"carousel-prev\" aria-label=\"tidligere\">\n          <i class=\"bi bi-arrow-left-short\"><\/i>\n        <\/button>\n\n        <button class=\"carousel-next\" aria-label=\"neste\">\n          <i class=\"bi bi-arrow-right-short\"><\/i>\n        <\/button>\n      <\/div>\n    <\/div>\n\n  <\/div>\n\n\n  <!-- Swiper -->\n  <div class=\"image-carousel-swiper swiper\">\n    <div class=\"swiper-wrapper\">\n\n              \n                  \n          <div class=\"swiper-slide\">\n                          <div class=\"carousel-image-card\">\n                          \n                              <img decoding=\"async\" \n                  src=\"https:\/\/basecampexplorer.com\/wp-content\/uploads\/2025\/12\/Rectangle-10.png\" \n                  alt=\"Carousel Image\" \n                  loading=\"lazy\"\n                >\n                            \n                          \n                          <\/div>\n                      <\/div>\n\n                  \n          <div class=\"swiper-slide\">\n                          <div class=\"carousel-image-card\">\n                          \n                              <img decoding=\"async\" \n                  src=\"https:\/\/basecampexplorer.com\/wp-content\/uploads\/2025\/12\/Rectangle-10-1.png\" \n                  alt=\"Carousel Image\" \n                  loading=\"lazy\"\n                >\n                            \n                          \n                          <\/div>\n                      <\/div>\n\n                  \n          <div class=\"swiper-slide\">\n                          <div class=\"carousel-image-card\">\n                          \n                              <img decoding=\"async\" \n                  src=\"https:\/\/basecampexplorer.com\/wp-content\/uploads\/2025\/12\/Frame-91.png\" \n                  alt=\"Carousel Image\" \n                  loading=\"lazy\"\n                >\n                            \n                          \n                          <\/div>\n                      <\/div>\n\n                  \n          <div class=\"swiper-slide\">\n                          <div class=\"carousel-image-card\">\n                          \n                              <img decoding=\"async\" \n                  src=\"https:\/\/basecampexplorer.com\/wp-content\/uploads\/2025\/12\/Rectangle-10-1.png\" \n                  alt=\"Carousel Image\" \n                  loading=\"lazy\"\n                >\n                            \n                          \n                          <\/div>\n                      <\/div>\n\n                  \n          <div class=\"swiper-slide\">\n                          <div class=\"carousel-image-card\">\n                          \n                              <img decoding=\"async\" \n                  src=\"https:\/\/basecampexplorer.com\/wp-content\/uploads\/2025\/12\/2ce4a46f485180a83970b072397a47a256732b8f-scaled.jpg\" \n                  alt=\"Carousel Image\" \n                  loading=\"lazy\"\n                >\n                            \n                              <div class=\"carousel-text-overlay\">\n                                      <h3 class=\"slide-title\">Hei<\/h3>\n                                    \n                                      <p class=\"slide-subtitle\">hvordan har du det<\/p>\n                                  <\/div>\n                          \n                          <\/div>\n                      <\/div>\n\n        \n      \n    <\/div>\n\n    <!-- Scrollbar + Placeholder (matches your layout) -->\n    <div class=\"carousel-controls-row container\">\n      <div class=\"carousel-controls-placeholder\"><\/div>\n      <div class=\"swiper-scrollbar\"><\/div>\n    <\/div>\n\n  <\/div>\n\n<\/section>","protected":false},"excerpt":{"rendered":"","protected":false},"author":1,"featured_media":0,"parent":0,"menu_order":34,"comment_status":"closed","ping_status":"closed","template":"","meta":{"_acf_changed":false,"footnotes":""},"class_list":["post-305","page","type-page","status-publish","hentry"],"acf":[],"yoast_head":"<!-- This site is optimized with the Yoast SEO plugin v27.2 - https:\/\/yoast.com\/product\/yoast-seo-wordpress\/ -->\n<title>test - Basecamp Explorer<\/title>\n<meta name=\"robots\" content=\"index, follow, max-snippet:-1, max-image-preview:large, max-video-preview:-1\" \/>\n<link rel=\"canonical\" href=\"https:\/\/basecampexplorer.com\/nb\/test\/\" \/>\n<meta property=\"og:locale\" content=\"nb_NO\" \/>\n<meta property=\"og:type\" content=\"article\" \/>\n<meta property=\"og:title\" content=\"test - Basecamp Explorer\" \/>\n<meta property=\"og:url\" content=\"https:\/\/basecampexplorer.com\/nb\/test\/\" \/>\n<meta property=\"og:site_name\" content=\"Basecamp Explorer\" \/>\n<meta property=\"article:modified_time\" content=\"2025-12-31T07:35:27+00:00\" \/>\n<meta name=\"twitter:card\" content=\"summary_large_image\" \/>\n<script type=\"application\/ld+json\" class=\"yoast-schema-graph\">{\"@context\":\"https:\/\/schema.org\",\"@graph\":[{\"@type\":\"WebPage\",\"@id\":\"https:\/\/basecampexplorer.com\/test\/\",\"url\":\"https:\/\/basecampexplorer.com\/test\/\",\"name\":\"test - Basecamp Explorer\",\"isPartOf\":{\"@id\":\"https:\/\/basecampexplorer.com\/#website\"},\"datePublished\":\"2025-12-04T07:32:55+00:00\",\"dateModified\":\"2025-12-31T07:35:27+00:00\",\"breadcrumb\":{\"@id\":\"https:\/\/basecampexplorer.com\/test\/#breadcrumb\"},\"inLanguage\":\"nb-NO\",\"potentialAction\":[{\"@type\":\"ReadAction\",\"target\":[\"https:\/\/basecampexplorer.com\/test\/\"]}]},{\"@type\":\"BreadcrumbList\",\"@id\":\"https:\/\/basecampexplorer.com\/test\/#breadcrumb\",\"itemListElement\":[{\"@type\":\"ListItem\",\"position\":1,\"name\":\"Home\",\"item\":\"https:\/\/basecampexplorer.com\/\"},{\"@type\":\"ListItem\",\"position\":2,\"name\":\"test\"}]},{\"@type\":\"WebSite\",\"@id\":\"https:\/\/basecampexplorer.com\/#website\",\"url\":\"https:\/\/basecampexplorer.com\/\",\"name\":\"Basecamp Explorer\",\"description\":\"\",\"publisher\":{\"@id\":\"https:\/\/basecampexplorer.com\/#organization\"},\"potentialAction\":[{\"@type\":\"SearchAction\",\"target\":{\"@type\":\"EntryPoint\",\"urlTemplate\":\"https:\/\/basecampexplorer.com\/?s={search_term_string}\"},\"query-input\":{\"@type\":\"PropertyValueSpecification\",\"valueRequired\":true,\"valueName\":\"search_term_string\"}}],\"inLanguage\":\"nb-NO\"},{\"@type\":\"Organization\",\"@id\":\"https:\/\/basecampexplorer.com\/#organization\",\"name\":\"Basecamp Explorer\",\"url\":\"https:\/\/basecampexplorer.com\/\",\"logo\":{\"@type\":\"ImageObject\",\"inLanguage\":\"nb-NO\",\"@id\":\"https:\/\/basecampexplorer.com\/#\/schema\/logo\/image\/\",\"url\":\"https:\/\/basecampexplorer.com\/wp-content\/uploads\/2026\/01\/image-3-2.png\",\"contentUrl\":\"https:\/\/basecampexplorer.com\/wp-content\/uploads\/2026\/01\/image-3-2.png\",\"width\":639,\"height\":437,\"caption\":\"Basecamp Explorer\"},\"image\":{\"@id\":\"https:\/\/basecampexplorer.com\/#\/schema\/logo\/image\/\"},\"sameAs\":[\"https:\/\/www.instagram.com\/basecampexplorer\/\"]}]}<\/script>\n<!-- \/ Yoast SEO plugin. -->","yoast_head_json":{"title":"test - Basecamp Explorer","robots":{"index":"index","follow":"follow","max-snippet":"max-snippet:-1","max-image-preview":"max-image-preview:large","max-video-preview":"max-video-preview:-1"},"canonical":"https:\/\/basecampexplorer.com\/nb\/test\/","og_locale":"nb_NO","og_type":"article","og_title":"test - Basecamp Explorer","og_url":"https:\/\/basecampexplorer.com\/nb\/test\/","og_site_name":"Basecamp Explorer","article_modified_time":"2025-12-31T07:35:27+00:00","twitter_card":"summary_large_image","schema":{"@context":"https:\/\/schema.org","@graph":[{"@type":"WebPage","@id":"https:\/\/basecampexplorer.com\/test\/","url":"https:\/\/basecampexplorer.com\/test\/","name":"test - Basecamp Explorer","isPartOf":{"@id":"https:\/\/basecampexplorer.com\/#website"},"datePublished":"2025-12-04T07:32:55+00:00","dateModified":"2025-12-31T07:35:27+00:00","breadcrumb":{"@id":"https:\/\/basecampexplorer.com\/test\/#breadcrumb"},"inLanguage":"nb-NO","potentialAction":[{"@type":"ReadAction","target":["https:\/\/basecampexplorer.com\/test\/"]}]},{"@type":"BreadcrumbList","@id":"https:\/\/basecampexplorer.com\/test\/#breadcrumb","itemListElement":[{"@type":"ListItem","position":1,"name":"Home","item":"https:\/\/basecampexplorer.com\/"},{"@type":"ListItem","position":2,"name":"test"}]},{"@type":"WebSite","@id":"https:\/\/basecampexplorer.com\/#website","url":"https:\/\/basecampexplorer.com\/","name":"Basecamp Explorer","description":"","publisher":{"@id":"https:\/\/basecampexplorer.com\/#organization"},"potentialAction":[{"@type":"SearchAction","target":{"@type":"EntryPoint","urlTemplate":"https:\/\/basecampexplorer.com\/?s={search_term_string}"},"query-input":{"@type":"PropertyValueSpecification","valueRequired":true,"valueName":"search_term_string"}}],"inLanguage":"nb-NO"},{"@type":"Organization","@id":"https:\/\/basecampexplorer.com\/#organization","name":"Basecamp Explorer","url":"https:\/\/basecampexplorer.com\/","logo":{"@type":"ImageObject","inLanguage":"nb-NO","@id":"https:\/\/basecampexplorer.com\/#\/schema\/logo\/image\/","url":"https:\/\/basecampexplorer.com\/wp-content\/uploads\/2026\/01\/image-3-2.png","contentUrl":"https:\/\/basecampexplorer.com\/wp-content\/uploads\/2026\/01\/image-3-2.png","width":639,"height":437,"caption":"Basecamp Explorer"},"image":{"@id":"https:\/\/basecampexplorer.com\/#\/schema\/logo\/image\/"},"sameAs":["https:\/\/www.instagram.com\/basecampexplorer\/"]}]}},"_links":{"self":[{"href":"https:\/\/basecampexplorer.com\/nb\/wp-json\/wp\/v2\/pages\/305","targetHints":{"allow":["GET"]}}],"collection":[{"href":"https:\/\/basecampexplorer.com\/nb\/wp-json\/wp\/v2\/pages"}],"about":[{"href":"https:\/\/basecampexplorer.com\/nb\/wp-json\/wp\/v2\/types\/page"}],"author":[{"embeddable":true,"href":"https:\/\/basecampexplorer.com\/nb\/wp-json\/wp\/v2\/users\/1"}],"replies":[{"embeddable":true,"href":"https:\/\/basecampexplorer.com\/nb\/wp-json\/wp\/v2\/comments?post=305"}],"version-history":[{"count":26,"href":"https:\/\/basecampexplorer.com\/nb\/wp-json\/wp\/v2\/pages\/305\/revisions"}],"predecessor-version":[{"id":928,"href":"https:\/\/basecampexplorer.com\/nb\/wp-json\/wp\/v2\/pages\/305\/revisions\/928"}],"wp:attachment":[{"href":"https:\/\/basecampexplorer.com\/nb\/wp-json\/wp\/v2\/media?parent=305"}],"curies":[{"name":"wp","href":"https:\/\/api.w.org\/{rel}","templated":true}]}}