{"id":3994,"date":"2026-03-13T10:05:15","date_gmt":"2026-03-13T10:05:15","guid":{"rendered":"https:\/\/baseca-28691.angelo-osl.servebolt.cloud\/?page_id=3994"},"modified":"2026-03-13T11:02:53","modified_gmt":"2026-03-13T11:02:53","slug":"bespoke","status":"publish","type":"page","link":"https:\/\/basecampexplorer.com\/nb\/bespoke\/","title":{"rendered":"Skreddersydd"},"content":{"rendered":"<section class=\"hero-reusable\" data-height=\"550px\">\n      <!-- Image Background -->\n    <div class=\"hero-reusable-bg\" style=\"background-image: url('https:\/\/basecampexplorer.com\/wp-content\/uploads\/2026\/03\/basecamp-explorer-spitsbergen-samuele-cavicchi-wildlife-102-2-e1773395531755.jpg');\"><\/div>\n  \n  <div class=\"hero-reusable-overlay\"><\/div>\n\n  <div class=\"container hero-reusable-content text-center\">\n        \n          <div class=\"hero-reusable-title\">\n        <p>Designet for deg<\/p>\n      <\/div>\n      <\/div>\n<\/section>\n\n\n\n<div class=\"wp-block-buttons is-layout-flex wp-block-buttons-is-layout-flex\"><\/div>\n\n\n\n<section class=\"split-bg-section\" style=\"background: rgb(247, 247, 247); color: #4a6a7b;\">\n      <div class=\"split-bg split-left\" style=\"background-image: url(https:\/\/basecampexplorer.com\/wp-content\/uploads\/2025\/12\/BES-illustrasjoner-topografi-morkebla_Nordenskiold-Lodge-uten-hav-3.png);\"><\/div>\n    <div class=\"split-bg split-right\" style=\"background-image: url(https:\/\/basecampexplorer.com\/wp-content\/uploads\/2025\/12\/BES-illustrasjoner-topografi-morkebla_Basecamp-Hotell-Longyearbyen-uten-hav-3.png);\"><\/div>\n  \n  <div class=\"split-content\" style=\"background: transparent;\">\n          <div class=\"text-content\">\n        <p>Ingen reisende er like. Derfor designer vi ekspedisjoner som er tilpasset dine interesser, tempo og eventyrlyst. Fra avsidesliggende hytter til dype villmarksreiser - vi skaper arktiske opplevelser som f\u00f8les helt personlige.<\/p>\n      <\/div>\n      <\/div>\n<\/section>\n\n\n\n<section class=\"text-image-block\" data-layout=\"image-right\">\n  <div class=\"container ti-container\">\n\n    <div class=\"ti-image\">\n              <img decoding=\"async\" \n          src=\"https:\/\/basecampexplorer.com\/wp-content\/uploads\/2026\/01\/base-camp-354-1920x1080-3.jpg\" \n          alt=\"\" \n          loading=\"lazy\"\n        \/>\n          <\/div>\n\n    <div class=\"ti-text\">\n              <h1>Private tilbaketrekninger i Arktis<\/h1>\n      \n              <div class=\"ti-content\">\n          <p>Enten det er en styregruppe som \u00f8nsker uavbrutt fokus p\u00e5 Nordenski\u00f6ld Lodge eller et selskap som \u00f8nsker \u00e5 nyte Isfjord Radio helt for seg selv, kan vi tilby ekstraordin\u00e6re rammer for meningsfylte m\u00f8ter i h\u00f8yarktis.<\/p>\n        <\/div>\n          <\/div>\n\n  <\/div>\n<\/section>\n\n\n\n<section class=\"text-image-block\" data-layout=\"image-left\" style=\"--decorative-line-url: url(https:\/\/basecampexplorer.com\/wp-content\/uploads\/2025\/12\/black-Vector-6-1.png); --long-line-url: url(https:\/\/basecampexplorer.com\/wp-content\/uploads\/2025\/12\/Vector-6-1.png);\">\n  <div class=\"container ti-container\">\n\n    <div class=\"ti-image has-decorative-line has-long-line\">\n              <img decoding=\"async\" \n          src=\"https:\/\/basecampexplorer.com\/wp-content\/uploads\/2026\/02\/Basecamp-explorer-spitsbergen-samuele-cavicchi-glacier-hike-8.jpg\" \n          alt=\"\" \n          loading=\"lazy\"\n        \/>\n          <\/div>\n\n    <div class=\"ti-text\">\n              <h1>Ekstraordin\u00e6re arktiske opplevelser<\/h1>\n      \n              <div class=\"ti-content\">\n          <p>Ekspedisjonene v\u00e5re spenner fra krevende skireiser i arktisk landskap til n\u00f8ye kuraterte private arrangementer. Enten du er ute etter eventyr i villmarken eller en skreddersydd sammenkomst i ekstraordin\u00e6re omgivelser, designer vi opplevelser som matcher dine ambisjoner.<\/p>\n        <\/div>\n          <\/div>\n\n  <\/div>\n<\/section>\n\n\n\n<section class=\"text-image-block\" data-layout=\"image-right\">\n  <div class=\"container ti-container\">\n\n    <div class=\"ti-image\">\n              <img decoding=\"async\" \n          src=\"https:\/\/basecampexplorer.com\/wp-content\/uploads\/2026\/03\/polar-bear-audun-dahl-3.jpeg\" \n          alt=\"\" \n          loading=\"lazy\"\n        \/>\n          <\/div>\n\n    <div class=\"ti-text\">\n              <h1>Begynn \u00e5 planlegge din arktiske ekspedisjon<\/h1>\n      \n              <div class=\"ti-content\">\n          <p>Ta kontakt med v\u00e5re Arctic Travel Designers og begynn \u00e5 forme din private ekspedisjon. Sammen vil vi utforme en reise som tar deg dypt inn i Svalbards villmark.<\/p>\n<p><a href=\"https:\/\/basecampexplorer.com\/nb\/contact-us\/\" class=\"btn-dark\" style=\"margin-top:20px\">Foresp\u00f8r n\u00e5<\/a><\/p>\n<p>&nbsp;<\/p>\n<p>&nbsp;<\/p>\n        <\/div>\n          <\/div>\n\n  <\/div>\n<\/section>\n\n\n\n<div class=\"wp-block-buttons is-layout-flex wp-block-buttons-is-layout-flex\"><\/div>\n\n\n\n<p><\/p>","protected":false},"excerpt":{"rendered":"","protected":false},"author":6,"featured_media":0,"parent":0,"menu_order":5,"comment_status":"closed","ping_status":"closed","template":"","meta":{"_acf_changed":false,"footnotes":""},"class_list":["post-3994","page","type-page","status-publish","hentry"],"acf":[],"yoast_head":"<!-- This site is optimized with the Yoast SEO plugin v27.2 - https:\/\/yoast.com\/product\/yoast-seo-wordpress\/ -->\n<title>Bespoke - Basecamp Explorer<\/title>\n<meta name=\"robots\" content=\"index, follow, max-snippet:-1, max-image-preview:large, max-video-preview:-1\" \/>\n<link rel=\"canonical\" href=\"https:\/\/basecampexplorer.com\/nb\/bespoke\/\" \/>\n<meta property=\"og:locale\" content=\"nb_NO\" \/>\n<meta property=\"og:type\" content=\"article\" \/>\n<meta property=\"og:title\" content=\"Bespoke - Basecamp Explorer\" \/>\n<meta property=\"og:url\" content=\"https:\/\/basecampexplorer.com\/nb\/bespoke\/\" \/>\n<meta property=\"og:site_name\" content=\"Basecamp Explorer\" \/>\n<meta property=\"article:modified_time\" content=\"2026-03-13T11:02:53+00:00\" \/>\n<meta name=\"twitter:card\" content=\"summary_large_image\" \/>\n<script type=\"application\/ld+json\" class=\"yoast-schema-graph\">{\"@context\":\"https:\/\/schema.org\",\"@graph\":[{\"@type\":\"WebPage\",\"@id\":\"https:\/\/basecampexplorer.com\/bespoke\/\",\"url\":\"https:\/\/basecampexplorer.com\/bespoke\/\",\"name\":\"Bespoke - Basecamp Explorer\",\"isPartOf\":{\"@id\":\"https:\/\/basecampexplorer.com\/#website\"},\"datePublished\":\"2026-03-13T10:05:15+00:00\",\"dateModified\":\"2026-03-13T11:02:53+00:00\",\"breadcrumb\":{\"@id\":\"https:\/\/basecampexplorer.com\/bespoke\/#breadcrumb\"},\"inLanguage\":\"nb-NO\",\"potentialAction\":[{\"@type\":\"ReadAction\",\"target\":[\"https:\/\/basecampexplorer.com\/bespoke\/\"]}]},{\"@type\":\"BreadcrumbList\",\"@id\":\"https:\/\/basecampexplorer.com\/bespoke\/#breadcrumb\",\"itemListElement\":[{\"@type\":\"ListItem\",\"position\":1,\"name\":\"Home\",\"item\":\"https:\/\/basecampexplorer.com\/\"},{\"@type\":\"ListItem\",\"position\":2,\"name\":\"Bespoke\"}]},{\"@type\":\"WebSite\",\"@id\":\"https:\/\/basecampexplorer.com\/#website\",\"url\":\"https:\/\/basecampexplorer.com\/\",\"name\":\"Basecamp Explorer\",\"description\":\"\",\"publisher\":{\"@id\":\"https:\/\/basecampexplorer.com\/#organization\"},\"potentialAction\":[{\"@type\":\"SearchAction\",\"target\":{\"@type\":\"EntryPoint\",\"urlTemplate\":\"https:\/\/basecampexplorer.com\/?s={search_term_string}\"},\"query-input\":{\"@type\":\"PropertyValueSpecification\",\"valueRequired\":true,\"valueName\":\"search_term_string\"}}],\"inLanguage\":\"nb-NO\"},{\"@type\":\"Organization\",\"@id\":\"https:\/\/basecampexplorer.com\/#organization\",\"name\":\"Basecamp Explorer\",\"url\":\"https:\/\/basecampexplorer.com\/\",\"logo\":{\"@type\":\"ImageObject\",\"inLanguage\":\"nb-NO\",\"@id\":\"https:\/\/basecampexplorer.com\/#\/schema\/logo\/image\/\",\"url\":\"https:\/\/basecampexplorer.com\/wp-content\/uploads\/2026\/01\/image-3-2.png\",\"contentUrl\":\"https:\/\/basecampexplorer.com\/wp-content\/uploads\/2026\/01\/image-3-2.png\",\"width\":639,\"height\":437,\"caption\":\"Basecamp Explorer\"},\"image\":{\"@id\":\"https:\/\/basecampexplorer.com\/#\/schema\/logo\/image\/\"},\"sameAs\":[\"https:\/\/www.instagram.com\/basecampexplorer\/\"]}]}<\/script>\n<!-- \/ Yoast SEO plugin. -->","yoast_head_json":{"title":"Skreddersydd - Basecamp Explorer","robots":{"index":"index","follow":"follow","max-snippet":"max-snippet:-1","max-image-preview":"max-image-preview:large","max-video-preview":"max-video-preview:-1"},"canonical":"https:\/\/basecampexplorer.com\/nb\/bespoke\/","og_locale":"nb_NO","og_type":"article","og_title":"Bespoke - Basecamp Explorer","og_url":"https:\/\/basecampexplorer.com\/nb\/bespoke\/","og_site_name":"Basecamp Explorer","article_modified_time":"2026-03-13T11:02:53+00:00","twitter_card":"summary_large_image","schema":{"@context":"https:\/\/schema.org","@graph":[{"@type":"WebPage","@id":"https:\/\/basecampexplorer.com\/bespoke\/","url":"https:\/\/basecampexplorer.com\/bespoke\/","name":"Skreddersydd - Basecamp Explorer","isPartOf":{"@id":"https:\/\/basecampexplorer.com\/#website"},"datePublished":"2026-03-13T10:05:15+00:00","dateModified":"2026-03-13T11:02:53+00:00","breadcrumb":{"@id":"https:\/\/basecampexplorer.com\/bespoke\/#breadcrumb"},"inLanguage":"nb-NO","potentialAction":[{"@type":"ReadAction","target":["https:\/\/basecampexplorer.com\/bespoke\/"]}]},{"@type":"BreadcrumbList","@id":"https:\/\/basecampexplorer.com\/bespoke\/#breadcrumb","itemListElement":[{"@type":"ListItem","position":1,"name":"Home","item":"https:\/\/basecampexplorer.com\/"},{"@type":"ListItem","position":2,"name":"Bespoke"}]},{"@type":"WebSite","@id":"https:\/\/basecampexplorer.com\/#website","url":"https:\/\/basecampexplorer.com\/","name":"Basecamp Explorer","description":"","publisher":{"@id":"https:\/\/basecampexplorer.com\/#organization"},"potentialAction":[{"@type":"SearchAction","target":{"@type":"EntryPoint","urlTemplate":"https:\/\/basecampexplorer.com\/?s={search_term_string}"},"query-input":{"@type":"PropertyValueSpecification","valueRequired":true,"valueName":"search_term_string"}}],"inLanguage":"nb-NO"},{"@type":"Organization","@id":"https:\/\/basecampexplorer.com\/#organization","name":"Basecamp Explorer","url":"https:\/\/basecampexplorer.com\/","logo":{"@type":"ImageObject","inLanguage":"nb-NO","@id":"https:\/\/basecampexplorer.com\/#\/schema\/logo\/image\/","url":"https:\/\/basecampexplorer.com\/wp-content\/uploads\/2026\/01\/image-3-2.png","contentUrl":"https:\/\/basecampexplorer.com\/wp-content\/uploads\/2026\/01\/image-3-2.png","width":639,"height":437,"caption":"Basecamp Explorer"},"image":{"@id":"https:\/\/basecampexplorer.com\/#\/schema\/logo\/image\/"},"sameAs":["https:\/\/www.instagram.com\/basecampexplorer\/"]}]}},"_links":{"self":[{"href":"https:\/\/basecampexplorer.com\/nb\/wp-json\/wp\/v2\/pages\/3994","targetHints":{"allow":["GET"]}}],"collection":[{"href":"https:\/\/basecampexplorer.com\/nb\/wp-json\/wp\/v2\/pages"}],"about":[{"href":"https:\/\/basecampexplorer.com\/nb\/wp-json\/wp\/v2\/types\/page"}],"author":[{"embeddable":true,"href":"https:\/\/basecampexplorer.com\/nb\/wp-json\/wp\/v2\/users\/6"}],"replies":[{"embeddable":true,"href":"https:\/\/basecampexplorer.com\/nb\/wp-json\/wp\/v2\/comments?post=3994"}],"version-history":[{"count":23,"href":"https:\/\/basecampexplorer.com\/nb\/wp-json\/wp\/v2\/pages\/3994\/revisions"}],"predecessor-version":[{"id":4035,"href":"https:\/\/basecampexplorer.com\/nb\/wp-json\/wp\/v2\/pages\/3994\/revisions\/4035"}],"wp:attachment":[{"href":"https:\/\/basecampexplorer.com\/nb\/wp-json\/wp\/v2\/media?parent=3994"}],"curies":[{"name":"wp","href":"https:\/\/api.w.org\/{rel}","templated":true}]}}