{"id":572,"date":"2025-12-22T08:55:42","date_gmt":"2025-12-22T08:55:42","guid":{"rendered":"http:\/\/localhost\/basecamp_explorer\/?page_id=572"},"modified":"2026-03-05T14:43:25","modified_gmt":"2026-03-05T14:43:25","slug":"summer","status":"publish","type":"page","link":"https:\/\/basecampexplorer.com\/nb\/summer\/","title":{"rendered":"Sommer"},"content":{"rendered":"<section class=\"hero-reusable\" data-height=\"100vh\">\n      <!-- Image Background -->\n    <div class=\"hero-reusable-bg\" style=\"background-image: url('https:\/\/basecampexplorer.com\/wp-content\/uploads\/2025\/12\/760dbbb26b86e8868a45beeee09896398f608b68-scaled.jpg');\"><\/div>\n  \n  <div class=\"hero-reusable-overlay\"><\/div>\n\n  <div class=\"container hero-reusable-content text-center\">\n          <p class=\"hero-reusable-sub\">Sommer<\/p>\n        \n          <div class=\"hero-reusable-title\">\n        <p>Endel\u00f8st arktisk lys<\/p>\n      <\/div>\n      <\/div>\n<\/section>\n\n\n\n<section class=\"text-image-block\" data-layout=\"image-right\" style=\"--decorative-line-url: url(https:\/\/basecampexplorer.com\/wp-content\/uploads\/2025\/12\/new-Vector-6.png);\">\n  <div class=\"container ti-container\">\n\n    <div class=\"ti-image has-decorative-line\">\n              <img decoding=\"async\" \n          src=\"https:\/\/basecampexplorer.com\/wp-content\/uploads\/2026\/01\/Rectangle-21.jpg\" \n          alt=\"\" \n          loading=\"lazy\"\n        \/>\n          <\/div>\n\n    <div class=\"ti-text\">\n              <h1>Sommeren etter solnedgang<\/h1>\n      \n              <div class=\"ti-content\">\n          <p data-start=\"134\" data-end=\"182\">Sommeren p\u00e5 Svalbard er kort, men den er dyp.<\/p>\n<p data-start=\"184\" data-end=\"434\">I 24-timers dagslys viser Arktis en annen intensitet. Isbreene brenner i nyanser av bl\u00e5tt. Dalene mykner opp og \u00e5pner seg for utforskning. Fugleklippene sprudler av liv, og dyrelivet beveger seg langs kysten p\u00e5 jakt etter rike sommerbeiteomr\u00e5der.<\/p>\n<p data-start=\"436\" data-end=\"678\">Midnattssolen forandrer tidsf\u00f8lelsen din. Det er ingen hast mot kvelden, ikke noe falmende lys som kaller deg tilbake.<\/p>\n<p data-start=\"822\" data-end=\"918\" data-is-last-node=\"\" data-is-only-node=\"\">P\u00e5 Svalbard varer ikke sommeren lenge.<br data-start=\"858\" data-end=\"861\" \/>Den utfolder seg intenst, for s\u00e5 \u00e5 forsvinne inn i stillheten igjen.<\/p>\n        <\/div>\n          <\/div>\n\n  <\/div>\n<\/section>\n\n\n\n<section class=\"text-image-block\" data-layout=\"image-left\" style=\"--decorative-line-url: url(https:\/\/basecampexplorer.com\/wp-content\/uploads\/2025\/12\/Vectorsss-6.png);\">\n  <div class=\"container ti-container\">\n\n    <div class=\"ti-image has-decorative-line\">\n              <img decoding=\"async\" \n          src=\"https:\/\/basecampexplorer.com\/wp-content\/uploads\/2026\/01\/base-camp-495-1920x1080-2.jpg\" \n          alt=\"\" \n          loading=\"lazy\"\n        \/>\n          <\/div>\n\n    <div class=\"ti-text\">\n              <h1>M\u00f8ter med dyrelivet i Arktis<\/h1>\n      \n              <div class=\"ti-content\">\n          <p>Dette er livets \u00e5rstid p\u00e5 Svalbard. Fugleklippene syder av aktivitet, hvalrossene ligger p\u00e5 avsidesliggende strender, og fjellrevene streifer rundt p\u00e5 tundraen. N\u00e5r havisen trekker seg tilbake, kan du utforske rike kyst\u00f8kosystemer med b\u00e5t og oppleve naturen p\u00e5 sitt mest aktive.<\/p>\n        <\/div>\n          <\/div>\n\n  <\/div>\n<\/section>\n\n\n\n<section class=\"text-image-block\" data-layout=\"image-right\" style=\"--decorative-line-url: url(https:\/\/basecampexplorer.com\/wp-content\/uploads\/2025\/12\/Vector-6.png);\">\n  <div class=\"container ti-container\">\n\n    <div class=\"ti-image has-decorative-line\">\n              <img decoding=\"async\" \n          src=\"https:\/\/basecampexplorer.com\/wp-content\/uploads\/2026\/02\/basecamp-explorer-spitsbergen-malin-hanning-kayak-2-1.jpg\" \n          alt=\"\" \n          loading=\"lazy\"\n        \/>\n          <\/div>\n\n    <div class=\"ti-text\">\n              <h1>Historier avsl\u00f8rt av havet<\/h1>\n      \n              <div class=\"ti-content\">\n          <p>Isfrie fjorder avsl\u00f8rer skjulte hj\u00f8rner av \u00f8ygruppen, steder som bare er tilgjengelige om sommeren. Her lever historien videre i forlatte fangststasjoner og gamle gruveboplasser, som hver for seg forteller en historie om utforskning og motstandsdyktighet i det h\u00f8ye Arktis.<\/p>\n        <\/div>\n          <\/div>\n\n  <\/div>\n<\/section>\n\n\n\n<section class=\"text-image-block\" data-layout=\"image-left\">\n  <div class=\"container ti-container\">\n\n    <div class=\"ti-image\">\n              <img decoding=\"async\" \n          src=\"https:\/\/basecampexplorer.com\/wp-content\/uploads\/2026\/02\/Basecamp-explorer-spitsbergen-malin-hanning-boat-1-2.jpg\" \n          alt=\"\" \n          loading=\"lazy\"\n        \/>\n          <\/div>\n\n    <div class=\"ti-text\">\n              <h1>Gj\u00f8r deg fortjent til horisonten<\/h1>\n      \n              <div class=\"ti-content\">\n          <p>Enten det er til fots eller med b\u00e5t, byr sommeren p\u00e5 utallige m\u00e5ter \u00e5 oppdage Svalbards uber\u00f8rte villmark p\u00e5. Fra rolige kystvandringer til dype fjordturer - dette er den ideelle \u00e5rstiden for \u00e5 komme i kontakt med den r\u00e5 skj\u00f8nnheten i regionen p\u00e5 en mer intim m\u00e5te, i et langsommere tempo.<\/p>\n        <\/div>\n          <\/div>\n\n  <\/div>\n<\/section>\n\n\n\n<div class=\"wp-block-group has-background\" style=\"background-color:#f7f7f7\"><div class=\"wp-block-group__inner-container is-layout-constrained wp-block-group-is-layout-constrained\">\n<section class=\"image-carousel-section black-theme\" style=\"background-color: #f7f7f7;\">\n\n  <!-- Heading + Controls -->\n  <div class=\"carousel-heading-row container\">\n    \n    <div class=\"carousel-head\">\n      <h1>Utenfor Allfarvei<\/h1>\n    <\/div>\n\n    <div class=\"carousel-heading-controls\">\n      <div class=\"carousel-controller\">\n        <button class=\"carousel-prev\" aria-label=\"tidligere\">\n          <i class=\"bi bi-arrow-left-short\"><\/i>\n        <\/button>\n\n        <button class=\"carousel-next\" aria-label=\"neste\">\n          <i class=\"bi bi-arrow-right-short\"><\/i>\n        <\/button>\n      <\/div>\n    <\/div>\n\n  <\/div>\n\n\n  <!-- Swiper -->\n  <div class=\"image-carousel-swiper swiper\">\n    <div class=\"swiper-wrapper\">\n\n              \n                  \n          <div class=\"swiper-slide\">\n                          <a href=\"https:\/\/basecampexplorer.com\/nb\/remote-horizons\/\" class=\"carousel-image-card\">\n                          \n                              <img decoding=\"async\" \n                  src=\"https:\/\/basecampexplorer.com\/wp-content\/uploads\/2025\/12\/86942eebabe95ec632b269e286cc57eb8fd36eaf.png\" \n                  alt=\"Carousel Image\" \n                  loading=\"lazy\"\n                >\n                            \n                              <div class=\"carousel-text-overlay\">\n                                      <h3 class=\"slide-title\">Remote Horizons<\/h3>\n                                    \n                                      <p class=\"slide-subtitle\">Isfjord Radio<\/p>\n                                  <\/div>\n                          \n                          <\/a>\n                      <\/div>\n\n                  \n          <div class=\"swiper-slide\">\n                          <a href=\"https:\/\/basecampexplorer.com\/nb\/unfold-the-north\/\" class=\"carousel-image-card\">\n                          \n                              <img decoding=\"async\" \n                  src=\"https:\/\/basecampexplorer.com\/wp-content\/uploads\/2025\/12\/2198c7ee8007717124590b141479ec00cea32848.png\" \n                  alt=\"Carousel Image\" \n                  loading=\"lazy\"\n                >\n                            \n                              <div class=\"carousel-text-overlay\">\n                                      <h3 class=\"slide-title\">Fold ut nordomr\u00e5dene<\/h3>\n                                    \n                                      <p class=\"slide-subtitle\">Nordenski\u00f6ld Lodge<\/p>\n                                  <\/div>\n                          \n                          <\/a>\n                      <\/div>\n\n                  \n          <div class=\"swiper-slide\">\n                          <a href=\"https:\/\/basecampexplorer.com\/nb\/traverse-nordenskiold-land\/\" class=\"carousel-image-card\">\n                          \n                              <img decoding=\"async\" \n                  src=\"https:\/\/basecampexplorer.com\/wp-content\/uploads\/2025\/12\/fcc377ed9f46cdd41a4487f4bd878244420af530.png\" \n                  alt=\"Carousel Image\" \n                  loading=\"lazy\"\n                >\n                            \n                              <div class=\"carousel-text-overlay\">\n                                      <h3 class=\"slide-title\">Kryss Nordenski\u00f6ld land<\/h3>\n                                    \n                                      <p class=\"slide-subtitle\">Isfjord Radio<\/p>\n                                  <\/div>\n                          \n                          <\/a>\n                      <\/div>\n\n                  \n          <div class=\"swiper-slide\">\n                          <a href=\"https:\/\/basecampexplorer.com\/nb\/uncharted-circuit\/\" class=\"carousel-image-card\">\n                          \n                              <img decoding=\"async\" \n                  src=\"https:\/\/basecampexplorer.com\/wp-content\/uploads\/2026\/01\/base-camp-181-1920x1080-1.jpg\" \n                  alt=\"Carousel Image\" \n                  loading=\"lazy\"\n                >\n                            \n                              <div class=\"carousel-text-overlay\">\n                                      <h3 class=\"slide-title\">Uncharted Circuit<\/h3>\n                                    \n                                      <p class=\"slide-subtitle\">Nordenski\u00f6ld Lodge og Isfjord Radio<\/p>\n                                  <\/div>\n                          \n                          <\/a>\n                      <\/div>\n\n        \n      \n    <\/div>\n\n    <!-- Scrollbar + Placeholder (matches your layout) -->\n    <div class=\"carousel-controls-row container\">\n      <div class=\"carousel-controls-placeholder\"><\/div>\n      <div class=\"swiper-scrollbar\"><\/div>\n    <\/div>\n\n  <\/div>\n\n<\/section>\n<\/div><\/div>\n\n\n\n<section class=\"journey-grid-section\" style=\"background-color: rgba(251, 250, 238, 1); background-image: url('https:\/\/basecampexplorer.com\/wp-content\/uploads\/2025\/12\/BES-illustrasjoner-topografi-morkebla\u030a_Basecamp-Hotell-Longyearbyen-uten-hav-1-1.png'), url('https:\/\/basecampexplorer.com\/wp-content\/uploads\/2025\/12\/BES-illustrasjoner-topografi-morkebla\u030a_Nordenskiold-Lodge-uten-hav-1.png');\">\n    <div class=\"container\">\n        <div class=\"journey-grid-content\">\n                            <h2 class=\"journey-grid-heading\">Klar til \u00e5 planlegge sommerreisen?<\/h2>\n                        \n                            <p class=\"journey-grid-description\">La oss hjelpe deg med \u00e5 skape et uforglemmelig arktisk eventyr skreddersydd til din stil.<\/p>\n                        \n                            <a href=\"https:\/\/basecampexplorer.com\/nb\/contact-us\/\" class=\"journey-grid-btn\">Foresp\u00f8r n\u00e5<\/a>\n                    <\/div>\n\n        <div class=\"journey-grid\">\n                            <div class=\"journey-grid-item journey-grid-item--left\">\n                    <img decoding=\"async\" src=\"https:\/\/basecampexplorer.com\/wp-content\/uploads\/2026\/02\/dall_20190903_07291882-scaled-2.jpg\" alt=\"Mountain\" \/>\n                <\/div>\n            \n            <div class=\"journey-grid-col\">\n                                    <div class=\"journey-grid-item journey-grid-item--top\">\n                        <img decoding=\"async\" src=\"https:\/\/basecampexplorer.com\/wp-content\/uploads\/2026\/02\/basecamp-explorer-spitsbergen-malin-hanning-wildlife-40.jpg\" alt=\"Mountains\" \/>\n                    <\/div>\n                                \n                                    <div class=\"journey-grid-item journey-grid-item--bottom\">\n                        <img decoding=\"async\" src=\"https:\/\/basecampexplorer.com\/wp-content\/uploads\/2026\/02\/basecamp-explorer-spitsbergen-malin-hanning-landscape-25-1.jpg\" alt=\"Cabin\" \/>\n                    <\/div>\n                            <\/div>\n\n                            <div class=\"journey-grid-item journey-grid-item--right\">\n                    <img decoding=\"async\" src=\"https:\/\/basecampexplorer.com\/wp-content\/uploads\/2026\/02\/Base-Camp-484-5.jpg\" alt=\"Hiker\" \/>\n                <\/div>\n                    <\/div>\n    <\/div>\n<\/section>","protected":false},"excerpt":{"rendered":"","protected":false},"author":1,"featured_media":0,"parent":0,"menu_order":31,"comment_status":"closed","ping_status":"closed","template":"","meta":{"_acf_changed":false,"footnotes":""},"class_list":["post-572","page","type-page","status-publish","hentry"],"acf":[],"yoast_head":"<!-- This site is optimized with the Yoast SEO plugin v27.2 - https:\/\/yoast.com\/product\/yoast-seo-wordpress\/ -->\n<title>Summer - Basecamp Explorer<\/title>\n<meta name=\"robots\" content=\"index, follow, max-snippet:-1, max-image-preview:large, max-video-preview:-1\" \/>\n<link rel=\"canonical\" href=\"https:\/\/basecampexplorer.com\/nb\/summer\/\" \/>\n<meta property=\"og:locale\" content=\"nb_NO\" \/>\n<meta property=\"og:type\" content=\"article\" \/>\n<meta property=\"og:title\" content=\"Summer - Basecamp Explorer\" \/>\n<meta property=\"og:url\" content=\"https:\/\/basecampexplorer.com\/nb\/summer\/\" \/>\n<meta property=\"og:site_name\" content=\"Basecamp Explorer\" \/>\n<meta property=\"article:modified_time\" content=\"2026-03-05T14:43:25+00:00\" \/>\n<meta name=\"twitter:card\" content=\"summary_large_image\" \/>\n<script type=\"application\/ld+json\" class=\"yoast-schema-graph\">{\"@context\":\"https:\/\/schema.org\",\"@graph\":[{\"@type\":\"WebPage\",\"@id\":\"https:\/\/basecampexplorer.com\/summer\/\",\"url\":\"https:\/\/basecampexplorer.com\/summer\/\",\"name\":\"Summer - Basecamp Explorer\",\"isPartOf\":{\"@id\":\"https:\/\/basecampexplorer.com\/#website\"},\"datePublished\":\"2025-12-22T08:55:42+00:00\",\"dateModified\":\"2026-03-05T14:43:25+00:00\",\"breadcrumb\":{\"@id\":\"https:\/\/basecampexplorer.com\/summer\/#breadcrumb\"},\"inLanguage\":\"nb-NO\",\"potentialAction\":[{\"@type\":\"ReadAction\",\"target\":[\"https:\/\/basecampexplorer.com\/summer\/\"]}]},{\"@type\":\"BreadcrumbList\",\"@id\":\"https:\/\/basecampexplorer.com\/summer\/#breadcrumb\",\"itemListElement\":[{\"@type\":\"ListItem\",\"position\":1,\"name\":\"Home\",\"item\":\"https:\/\/basecampexplorer.com\/\"},{\"@type\":\"ListItem\",\"position\":2,\"name\":\"Summer\"}]},{\"@type\":\"WebSite\",\"@id\":\"https:\/\/basecampexplorer.com\/#website\",\"url\":\"https:\/\/basecampexplorer.com\/\",\"name\":\"Basecamp Explorer\",\"description\":\"\",\"publisher\":{\"@id\":\"https:\/\/basecampexplorer.com\/#organization\"},\"potentialAction\":[{\"@type\":\"SearchAction\",\"target\":{\"@type\":\"EntryPoint\",\"urlTemplate\":\"https:\/\/basecampexplorer.com\/?s={search_term_string}\"},\"query-input\":{\"@type\":\"PropertyValueSpecification\",\"valueRequired\":true,\"valueName\":\"search_term_string\"}}],\"inLanguage\":\"nb-NO\"},{\"@type\":\"Organization\",\"@id\":\"https:\/\/basecampexplorer.com\/#organization\",\"name\":\"Basecamp Explorer\",\"url\":\"https:\/\/basecampexplorer.com\/\",\"logo\":{\"@type\":\"ImageObject\",\"inLanguage\":\"nb-NO\",\"@id\":\"https:\/\/basecampexplorer.com\/#\/schema\/logo\/image\/\",\"url\":\"https:\/\/basecampexplorer.com\/wp-content\/uploads\/2026\/01\/image-3-2.png\",\"contentUrl\":\"https:\/\/basecampexplorer.com\/wp-content\/uploads\/2026\/01\/image-3-2.png\",\"width\":639,\"height\":437,\"caption\":\"Basecamp Explorer\"},\"image\":{\"@id\":\"https:\/\/basecampexplorer.com\/#\/schema\/logo\/image\/\"},\"sameAs\":[\"https:\/\/www.instagram.com\/basecampexplorer\/\"]}]}<\/script>\n<!-- \/ Yoast SEO plugin. -->","yoast_head_json":{"title":"Sommer - Basecamp Explorer","robots":{"index":"index","follow":"follow","max-snippet":"max-snippet:-1","max-image-preview":"max-image-preview:large","max-video-preview":"max-video-preview:-1"},"canonical":"https:\/\/basecampexplorer.com\/nb\/summer\/","og_locale":"nb_NO","og_type":"article","og_title":"Summer - Basecamp Explorer","og_url":"https:\/\/basecampexplorer.com\/nb\/summer\/","og_site_name":"Basecamp Explorer","article_modified_time":"2026-03-05T14:43:25+00:00","twitter_card":"summary_large_image","schema":{"@context":"https:\/\/schema.org","@graph":[{"@type":"WebPage","@id":"https:\/\/basecampexplorer.com\/summer\/","url":"https:\/\/basecampexplorer.com\/summer\/","name":"Sommer - Basecamp Explorer","isPartOf":{"@id":"https:\/\/basecampexplorer.com\/#website"},"datePublished":"2025-12-22T08:55:42+00:00","dateModified":"2026-03-05T14:43:25+00:00","breadcrumb":{"@id":"https:\/\/basecampexplorer.com\/summer\/#breadcrumb"},"inLanguage":"nb-NO","potentialAction":[{"@type":"ReadAction","target":["https:\/\/basecampexplorer.com\/summer\/"]}]},{"@type":"BreadcrumbList","@id":"https:\/\/basecampexplorer.com\/summer\/#breadcrumb","itemListElement":[{"@type":"ListItem","position":1,"name":"Home","item":"https:\/\/basecampexplorer.com\/"},{"@type":"ListItem","position":2,"name":"Summer"}]},{"@type":"WebSite","@id":"https:\/\/basecampexplorer.com\/#website","url":"https:\/\/basecampexplorer.com\/","name":"Basecamp Explorer","description":"","publisher":{"@id":"https:\/\/basecampexplorer.com\/#organization"},"potentialAction":[{"@type":"SearchAction","target":{"@type":"EntryPoint","urlTemplate":"https:\/\/basecampexplorer.com\/?s={search_term_string}"},"query-input":{"@type":"PropertyValueSpecification","valueRequired":true,"valueName":"search_term_string"}}],"inLanguage":"nb-NO"},{"@type":"Organization","@id":"https:\/\/basecampexplorer.com\/#organization","name":"Basecamp Explorer","url":"https:\/\/basecampexplorer.com\/","logo":{"@type":"ImageObject","inLanguage":"nb-NO","@id":"https:\/\/basecampexplorer.com\/#\/schema\/logo\/image\/","url":"https:\/\/basecampexplorer.com\/wp-content\/uploads\/2026\/01\/image-3-2.png","contentUrl":"https:\/\/basecampexplorer.com\/wp-content\/uploads\/2026\/01\/image-3-2.png","width":639,"height":437,"caption":"Basecamp Explorer"},"image":{"@id":"https:\/\/basecampexplorer.com\/#\/schema\/logo\/image\/"},"sameAs":["https:\/\/www.instagram.com\/basecampexplorer\/"]}]}},"_links":{"self":[{"href":"https:\/\/basecampexplorer.com\/nb\/wp-json\/wp\/v2\/pages\/572","targetHints":{"allow":["GET"]}}],"collection":[{"href":"https:\/\/basecampexplorer.com\/nb\/wp-json\/wp\/v2\/pages"}],"about":[{"href":"https:\/\/basecampexplorer.com\/nb\/wp-json\/wp\/v2\/types\/page"}],"author":[{"embeddable":true,"href":"https:\/\/basecampexplorer.com\/nb\/wp-json\/wp\/v2\/users\/1"}],"replies":[{"embeddable":true,"href":"https:\/\/basecampexplorer.com\/nb\/wp-json\/wp\/v2\/comments?post=572"}],"version-history":[{"count":32,"href":"https:\/\/basecampexplorer.com\/nb\/wp-json\/wp\/v2\/pages\/572\/revisions"}],"predecessor-version":[{"id":3744,"href":"https:\/\/basecampexplorer.com\/nb\/wp-json\/wp\/v2\/pages\/572\/revisions\/3744"}],"wp:attachment":[{"href":"https:\/\/basecampexplorer.com\/nb\/wp-json\/wp\/v2\/media?parent=572"}],"curies":[{"name":"wp","href":"https:\/\/api.w.org\/{rel}","templated":true}]}}