{"id":803,"date":"2025-12-29T09:54:41","date_gmt":"2025-12-29T09:54:41","guid":{"rendered":"https:\/\/baseca-28691.angelo-osl.servebolt.cloud\/?page_id=803"},"modified":"2026-03-11T14:27:21","modified_gmt":"2026-03-11T14:27:21","slug":"guest-stories","status":"publish","type":"page","link":"https:\/\/basecampexplorer.com\/nb\/guest-stories\/","title":{"rendered":"Gjestehistorier"},"content":{"rendered":"<section class=\"hero-reusable\" data-height=\"100vh\">\n      <!-- Image Background -->\n    <div class=\"hero-reusable-bg\" style=\"background-image: url('https:\/\/basecampexplorer.com\/wp-content\/uploads\/2026\/01\/base-camp-478-1920x1080-1.jpg');\"><\/div>\n  \n  <div class=\"hero-reusable-overlay\"><\/div>\n\n  <div class=\"container hero-reusable-content text-center\">\n          <p class=\"hero-reusable-sub\">F\u00f8r du drar nordover<\/p>\n        \n          <div class=\"hero-reusable-title\">\n        <p>Din arktiske briefing<\/p>\n      <\/div>\n      <\/div>\n<\/section>\n\n\n\n<section class=\"curator-slider-section\">\n\n  <div class=\"curator-section-header\">\n          <h2>Slik n\u00e6rmer du deg eventyret<\/h2>\n        <div class=\"curator-nav-arrows\">\n      <button class=\"curator-prev-btn\">\u2190<\/button>\n      <button class=\"curator-next-btn\">\u2192<\/button>\n    <\/div>\n  <\/div>\n\n  <div class=\"swiper curator-swiper\">\n    <div class=\"swiper-wrapper\">\n\n              <div class=\"swiper-slide\">\n          <div class=\"curator-slide-inner\" style=\"background-image: url(https:\/\/basecampexplorer.com\/wp-content\/uploads\/2026\/01\/56.png);\">\n            <div class=\"curator-slide-image\">\n                              <img decoding=\"async\" src=\"https:\/\/basecampexplorer.com\/wp-content\/uploads\/2026\/03\/Basecamp-Explorer-Spitsbergen_Samuele-Cavicchi_Snowmobiling_2025_201.jpg\" alt=\"\">\n                          <\/div>\n            <div class=\"curator-slide-content\">\n                              <div class=\"curator-handwritten\">Noen dager i Arktis f\u00f8les det som om alle de fire \u00e5rstidene passerer forbi p\u00e5 bare noen f\u00e5 timer<\/div>\n                                            <p>Noe av det mest fascinerende med Arktis er at du aldri helt vet hva som venter deg. Fra str\u00e5lende solskinn til plutselige whiteouts, fra stille padling til uventede m\u00f8ter med dyrelivet. Derfor oppfordrer vi deg til \u00e5 begynne \u00e5 forberede deg p\u00e5 eventyret allerede hjemmefra - ta deg tid til \u00e5 gj\u00f8re deg kjent med milj\u00f8et og opplevelsene som venter deg i Arktis.\r\n<\/p>\n                                                          <div class=\"curator-meta\">Max Ballari, ekspedisjonsleder<span> \u2022 <\/span>Basecamp Explorer Spitsbergen<\/div>\n                          <\/div>\n          <\/div>\n        <\/div>\n      \n    <\/div>\n  <\/div>\n\n<\/section>\n\n\n\n\n\n<section class=\"story-journal-section\">\n  <div class=\"container\">\n    <div class=\"story-journal-grid\" id=\"storyGrid\" data-stories='[{&quot;id&quot;:3980,&quot;title&quot;:&quot;Safety on Svalbard&quot;,&quot;permalink&quot;:&quot;https:\\\/\\\/basecampexplorer.com\\\/nb\\\/story\\\/safety-on-svalbard\\\/&quot;,&quot;thumbnail&quot;:&quot;https:\\\/\\\/basecampexplorer.com\\\/wp-content\\\/uploads\\\/2026\\\/02\\\/Base-Camp-143-e1773239009176.jpg&quot;,&quot;date&quot;:&quot;11 MARS 2026&quot;},{&quot;id&quot;:3979,&quot;title&quot;:&quot;Wildlife of Svalbard&quot;,&quot;permalink&quot;:&quot;https:\\\/\\\/basecampexplorer.com\\\/nb\\\/story\\\/wildlife-of-svalbard\\\/&quot;,&quot;thumbnail&quot;:&quot;https:\\\/\\\/basecampexplorer.com\\\/wp-content\\\/uploads\\\/2026\\\/02\\\/Basecamp-explorer-spitsbergen-malin-hanning-landscape-76-1-e1771762469413.jpg&quot;,&quot;date&quot;:&quot;11 MARS 2026&quot;},{&quot;id&quot;:3975,&quot;title&quot;:&quot;What to pack for Svalbard&quot;,&quot;permalink&quot;:&quot;https:\\\/\\\/basecampexplorer.com\\\/nb\\\/story\\\/what-to-pack-for-svalbard\\\/&quot;,&quot;thumbnail&quot;:&quot;https:\\\/\\\/basecampexplorer.com\\\/wp-content\\\/uploads\\\/2026\\\/03\\\/Base-Camp-45-e1773237412287.jpg&quot;,&quot;date&quot;:&quot;11 MARS 2026&quot;},{&quot;id&quot;:3974,&quot;title&quot;:&quot;Weather in Svalbard: Expect the Unexpected&quot;,&quot;permalink&quot;:&quot;https:\\\/\\\/basecampexplorer.com\\\/nb\\\/story\\\/weather-in-svalbard-expect-the-unexpected\\\/&quot;,&quot;thumbnail&quot;:&quot;https:\\\/\\\/basecampexplorer.com\\\/wp-content\\\/uploads\\\/2026\\\/02\\\/Isfjord-Radio-Music-festival-2025.-Photo-by-Owen-Humphreys-www.owen_.ie-8-e1773239364418.jpg&quot;,&quot;date&quot;:&quot;10 MARS 2026&quot;},{&quot;id&quot;:3971,&quot;title&quot;:&quot;Gateway to the High Arctic&quot;,&quot;permalink&quot;:&quot;https:\\\/\\\/basecampexplorer.com\\\/nb\\\/story\\\/gateway-to-the-high-arctic\\\/&quot;,&quot;thumbnail&quot;:&quot;https:\\\/\\\/basecampexplorer.com\\\/wp-content\\\/uploads\\\/2026\\\/02\\\/DSC05481-e1773239539456.jpg&quot;,&quot;date&quot;:&quot;10 MARS 2026&quot;},{&quot;id&quot;:3969,&quot;title&quot;:&quot;When to visit Svalbard&quot;,&quot;permalink&quot;:&quot;https:\\\/\\\/basecampexplorer.com\\\/nb\\\/story\\\/when-to-visit-svalbard\\\/&quot;,&quot;thumbnail&quot;:&quot;https:\\\/\\\/basecampexplorer.com\\\/wp-content\\\/uploads\\\/2026\\\/02\\\/basecamp-explorer-spitsbergen-malin-hanning-landscape-21-1.jpg&quot;,&quot;date&quot;:&quot;10 MARS 2026&quot;}]'><\/div>\n\n    <!-- Pagination -->\n    <div class=\"pagination\" id=\"storyPagination\"><\/div>\n  <\/div>\n<\/section>\n\n\n\n<section class=\"quote\" style=\"background-image: url(https:\/\/basecampexplorer.com\/wp-content\/uploads\/2025\/12\/BES-illustrasjoner-topografi-morkebla_Basecamp-Hotell-Longyearbyen-uten-hav-1-1.png);\">\n  <div class=\"container quote-container\">\n    <div class=\"quote-content\">\n              <h1>Hver reise hit er forskjellig. <br \/>\r\nDet som forblir det samme, er hvor dypt det sitter i deg.<\/h1>\n            \n          <\/div>\n  <\/div>\n<\/section>\n\n\n<section class=\"journey-grid-section\" style=\"background-color: rgba(255, 255, 255, 1); background-image: url('https:\/\/basecampexplorer.com\/wp-content\/uploads\/2025\/12\/BES-illustrasjoner-topografi-morkebla_Basecamp-Hotell-Longyearbyen-uten-hav-4.png'), url('https:\/\/basecampexplorer.com\/wp-content\/uploads\/2025\/12\/BES-illustrasjoner-topografi-morkebla_Nordenskiold-Lodge-uten-hav-4.png');\">\n    <div class=\"container\">\n        <div class=\"journey-grid-content\">\n                            <h2 class=\"journey-grid-heading\">Inspirert av disse historiene?<\/h2>\n                        \n                            <p class=\"journey-grid-description\">Hver reise med Basecamp Explorer er formet av menneskene, \u00e5rstiden og stedet i seg selv. Hvis Arktis kaller, er vi her for \u00e5 hjelpe deg med \u00e5 planlegge en reise som f\u00f8les helt og holdent som din egen.<\/p>\n                        \n                            <a href=\"https:\/\/basecampexplorer.com\/nb\/contact-us\/\" class=\"journey-grid-btn\">Foresp\u00f8r n\u00e5<\/a>\n                    <\/div>\n\n        <div class=\"journey-grid\">\n                            <div class=\"journey-grid-item journey-grid-item--left\">\n                    <img decoding=\"async\" src=\"https:\/\/basecampexplorer.com\/wp-content\/uploads\/2026\/02\/Basecamp-explorer-spitsbergen-malin-hanning-hike-7-1.jpg\" alt=\"Mountain\" \/>\n                <\/div>\n            \n            <div class=\"journey-grid-col\">\n                                    <div class=\"journey-grid-item journey-grid-item--top\">\n                        <img decoding=\"async\" src=\"https:\/\/basecampexplorer.com\/wp-content\/uploads\/2026\/02\/basecamp-explorer-spitsbergen-malin-hanning-hike-1.jpg\" alt=\"Mountains\" \/>\n                    <\/div>\n                                \n                                    <div class=\"journey-grid-item journey-grid-item--bottom\">\n                        <img decoding=\"async\" src=\"https:\/\/basecampexplorer.com\/wp-content\/uploads\/2026\/02\/Basecamp-explorer-spitsbergen-malin-hanning-bone-1-1.jpg\" alt=\"Cabin\" \/>\n                    <\/div>\n                            <\/div>\n\n                            <div class=\"journey-grid-item journey-grid-item--right\">\n                    <img decoding=\"async\" src=\"https:\/\/basecampexplorer.com\/wp-content\/uploads\/2026\/01\/download-41.jpg\" alt=\"Hiker\" \/>\n                <\/div>\n                    <\/div>\n    <\/div>\n<\/section>","protected":false},"excerpt":{"rendered":"","protected":false},"author":1,"featured_media":0,"parent":0,"menu_order":14,"comment_status":"closed","ping_status":"closed","template":"","meta":{"_acf_changed":false,"footnotes":""},"class_list":["post-803","page","type-page","status-publish","hentry"],"acf":[],"yoast_head":"<!-- This site is optimized with the Yoast SEO plugin v27.2 - https:\/\/yoast.com\/product\/yoast-seo-wordpress\/ -->\n<title>Guest Stories - Basecamp Explorer<\/title>\n<meta name=\"robots\" content=\"index, follow, max-snippet:-1, max-image-preview:large, max-video-preview:-1\" \/>\n<link rel=\"canonical\" href=\"https:\/\/basecampexplorer.com\/nb\/guest-stories\/\" \/>\n<meta property=\"og:locale\" content=\"nb_NO\" \/>\n<meta property=\"og:type\" content=\"article\" \/>\n<meta property=\"og:title\" content=\"Guest Stories - Basecamp Explorer\" \/>\n<meta property=\"og:url\" content=\"https:\/\/basecampexplorer.com\/nb\/guest-stories\/\" \/>\n<meta property=\"og:site_name\" content=\"Basecamp Explorer\" \/>\n<meta property=\"article:modified_time\" content=\"2026-03-11T14:27:21+00:00\" \/>\n<meta name=\"twitter:card\" content=\"summary_large_image\" \/>\n<script type=\"application\/ld+json\" class=\"yoast-schema-graph\">{\"@context\":\"https:\/\/schema.org\",\"@graph\":[{\"@type\":\"WebPage\",\"@id\":\"https:\/\/basecampexplorer.com\/guest-stories\/\",\"url\":\"https:\/\/basecampexplorer.com\/guest-stories\/\",\"name\":\"Guest Stories - Basecamp Explorer\",\"isPartOf\":{\"@id\":\"https:\/\/basecampexplorer.com\/#website\"},\"datePublished\":\"2025-12-29T09:54:41+00:00\",\"dateModified\":\"2026-03-11T14:27:21+00:00\",\"breadcrumb\":{\"@id\":\"https:\/\/basecampexplorer.com\/guest-stories\/#breadcrumb\"},\"inLanguage\":\"nb-NO\",\"potentialAction\":[{\"@type\":\"ReadAction\",\"target\":[\"https:\/\/basecampexplorer.com\/guest-stories\/\"]}]},{\"@type\":\"BreadcrumbList\",\"@id\":\"https:\/\/basecampexplorer.com\/guest-stories\/#breadcrumb\",\"itemListElement\":[{\"@type\":\"ListItem\",\"position\":1,\"name\":\"Home\",\"item\":\"https:\/\/basecampexplorer.com\/\"},{\"@type\":\"ListItem\",\"position\":2,\"name\":\"Guest Stories\"}]},{\"@type\":\"WebSite\",\"@id\":\"https:\/\/basecampexplorer.com\/#website\",\"url\":\"https:\/\/basecampexplorer.com\/\",\"name\":\"Basecamp Explorer\",\"description\":\"\",\"publisher\":{\"@id\":\"https:\/\/basecampexplorer.com\/#organization\"},\"potentialAction\":[{\"@type\":\"SearchAction\",\"target\":{\"@type\":\"EntryPoint\",\"urlTemplate\":\"https:\/\/basecampexplorer.com\/?s={search_term_string}\"},\"query-input\":{\"@type\":\"PropertyValueSpecification\",\"valueRequired\":true,\"valueName\":\"search_term_string\"}}],\"inLanguage\":\"nb-NO\"},{\"@type\":\"Organization\",\"@id\":\"https:\/\/basecampexplorer.com\/#organization\",\"name\":\"Basecamp Explorer\",\"url\":\"https:\/\/basecampexplorer.com\/\",\"logo\":{\"@type\":\"ImageObject\",\"inLanguage\":\"nb-NO\",\"@id\":\"https:\/\/basecampexplorer.com\/#\/schema\/logo\/image\/\",\"url\":\"https:\/\/basecampexplorer.com\/wp-content\/uploads\/2026\/01\/image-3-2.png\",\"contentUrl\":\"https:\/\/basecampexplorer.com\/wp-content\/uploads\/2026\/01\/image-3-2.png\",\"width\":639,\"height\":437,\"caption\":\"Basecamp Explorer\"},\"image\":{\"@id\":\"https:\/\/basecampexplorer.com\/#\/schema\/logo\/image\/\"},\"sameAs\":[\"https:\/\/www.instagram.com\/basecampexplorer\/\"]}]}<\/script>\n<!-- \/ Yoast SEO plugin. -->","yoast_head_json":{"title":"Gjestehistorier - Basecamp Explorer","robots":{"index":"index","follow":"follow","max-snippet":"max-snippet:-1","max-image-preview":"max-image-preview:large","max-video-preview":"max-video-preview:-1"},"canonical":"https:\/\/basecampexplorer.com\/nb\/guest-stories\/","og_locale":"nb_NO","og_type":"article","og_title":"Guest Stories - Basecamp Explorer","og_url":"https:\/\/basecampexplorer.com\/nb\/guest-stories\/","og_site_name":"Basecamp Explorer","article_modified_time":"2026-03-11T14:27:21+00:00","twitter_card":"summary_large_image","schema":{"@context":"https:\/\/schema.org","@graph":[{"@type":"WebPage","@id":"https:\/\/basecampexplorer.com\/guest-stories\/","url":"https:\/\/basecampexplorer.com\/guest-stories\/","name":"Gjestehistorier - Basecamp Explorer","isPartOf":{"@id":"https:\/\/basecampexplorer.com\/#website"},"datePublished":"2025-12-29T09:54:41+00:00","dateModified":"2026-03-11T14:27:21+00:00","breadcrumb":{"@id":"https:\/\/basecampexplorer.com\/guest-stories\/#breadcrumb"},"inLanguage":"nb-NO","potentialAction":[{"@type":"ReadAction","target":["https:\/\/basecampexplorer.com\/guest-stories\/"]}]},{"@type":"BreadcrumbList","@id":"https:\/\/basecampexplorer.com\/guest-stories\/#breadcrumb","itemListElement":[{"@type":"ListItem","position":1,"name":"Home","item":"https:\/\/basecampexplorer.com\/"},{"@type":"ListItem","position":2,"name":"Guest Stories"}]},{"@type":"WebSite","@id":"https:\/\/basecampexplorer.com\/#website","url":"https:\/\/basecampexplorer.com\/","name":"Basecamp Explorer","description":"","publisher":{"@id":"https:\/\/basecampexplorer.com\/#organization"},"potentialAction":[{"@type":"SearchAction","target":{"@type":"EntryPoint","urlTemplate":"https:\/\/basecampexplorer.com\/?s={search_term_string}"},"query-input":{"@type":"PropertyValueSpecification","valueRequired":true,"valueName":"search_term_string"}}],"inLanguage":"nb-NO"},{"@type":"Organization","@id":"https:\/\/basecampexplorer.com\/#organization","name":"Basecamp Explorer","url":"https:\/\/basecampexplorer.com\/","logo":{"@type":"ImageObject","inLanguage":"nb-NO","@id":"https:\/\/basecampexplorer.com\/#\/schema\/logo\/image\/","url":"https:\/\/basecampexplorer.com\/wp-content\/uploads\/2026\/01\/image-3-2.png","contentUrl":"https:\/\/basecampexplorer.com\/wp-content\/uploads\/2026\/01\/image-3-2.png","width":639,"height":437,"caption":"Basecamp Explorer"},"image":{"@id":"https:\/\/basecampexplorer.com\/#\/schema\/logo\/image\/"},"sameAs":["https:\/\/www.instagram.com\/basecampexplorer\/"]}]}},"_links":{"self":[{"href":"https:\/\/basecampexplorer.com\/nb\/wp-json\/wp\/v2\/pages\/803","targetHints":{"allow":["GET"]}}],"collection":[{"href":"https:\/\/basecampexplorer.com\/nb\/wp-json\/wp\/v2\/pages"}],"about":[{"href":"https:\/\/basecampexplorer.com\/nb\/wp-json\/wp\/v2\/types\/page"}],"author":[{"embeddable":true,"href":"https:\/\/basecampexplorer.com\/nb\/wp-json\/wp\/v2\/users\/1"}],"replies":[{"embeddable":true,"href":"https:\/\/basecampexplorer.com\/nb\/wp-json\/wp\/v2\/comments?post=803"}],"version-history":[{"count":14,"href":"https:\/\/basecampexplorer.com\/nb\/wp-json\/wp\/v2\/pages\/803\/revisions"}],"predecessor-version":[{"id":3983,"href":"https:\/\/basecampexplorer.com\/nb\/wp-json\/wp\/v2\/pages\/803\/revisions\/3983"}],"wp:attachment":[{"href":"https:\/\/basecampexplorer.com\/nb\/wp-json\/wp\/v2\/media?parent=803"}],"curies":[{"name":"wp","href":"https:\/\/api.w.org\/{rel}","templated":true}]}}