{"id":813,"date":"2025-12-29T10:00:20","date_gmt":"2025-12-29T10:00:20","guid":{"rendered":"https:\/\/baseca-28691.angelo-osl.servebolt.cloud\/?page_id=813"},"modified":"2026-03-05T13:47:10","modified_gmt":"2026-03-05T13:47:10","slug":"conservation","status":"publish","type":"page","link":"https:\/\/basecampexplorer.com\/nb\/conservation\/","title":{"rendered":"Bevaring"},"content":{"rendered":"<section class=\"hero-reusable\" data-height=\"100vh\">\n      <!-- Image Background -->\n    <div class=\"hero-reusable-bg\" style=\"background-image: url('https:\/\/basecampexplorer.com\/wp-content\/uploads\/2025\/12\/8a75b3aa0d2f0dc54e87e7099ba9396a83e2017c.jpg');\"><\/div>\n  \n  <div class=\"hero-reusable-overlay\"><\/div>\n\n  <div class=\"container hero-reusable-content text-center\">\n          <p class=\"hero-reusable-sub\">Basecamp Explorer X Polar Bears International<\/p>\n        \n          <div class=\"hero-reusable-title\">\n        <p>Bevaring<\/p>\n      <\/div>\n      <\/div>\n<\/section>\n\n\n\n<section class=\"split-bg-section\" style=\"background: rgb(255, 255, 255); color: #4a6a7b;\">\n      <div class=\"split-bg split-left\" style=\"background-image: url(https:\/\/basecampexplorer.com\/wp-content\/uploads\/2025\/12\/BES-illustrasjoner-topografi-morkebla_Nordenskiold-Lodge-uten-hav-3.png);\"><\/div>\n    <div class=\"split-bg split-right\" style=\"background-image: url(https:\/\/basecampexplorer.com\/wp-content\/uploads\/2025\/12\/BES-illustrasjoner-topografi-morkebla_Basecamp-Hotell-Longyearbyen-uten-hav-3.png);\"><\/div>\n  \n  <div class=\"split-content\" style=\"background: transparent;\">\n          <div class=\"text-content\">\n        <p>P\u00e5 Basecamp Explorer Spitsbergen mener vi at det \u00e5 oppleve Arktis ogs\u00e5 kommer med et ansvar: \u00e5 beskytte og bevare det for kommende generasjoner. Derfor er vi stolte av \u00e5 v\u00e6re offisiell sponsor av Polar Bears International (PBI), verdens ledende organisasjon som utelukkende arbeider for \u00e5 bevare ville isbj\u00f8rner og deres hjem p\u00e5 havisen.<\/p>\n      <\/div>\n      <\/div>\n<\/section>\n\n\n\n<figure class=\"wp-block-image size-full fullwidth-reuseable-image\"><img loading=\"lazy\" decoding=\"async\" width=\"2560\" height=\"1706\" src=\"https:\/\/basecampexplorer.com\/wp-content\/uploads\/2025\/12\/9b5df9d6b2f1a8549fd6ee7fc5c2df1b15c0f313.jpg\" alt=\"\" class=\"wp-image-857\" srcset=\"https:\/\/basecampexplorer.com\/wp-content\/uploads\/2025\/12\/9b5df9d6b2f1a8549fd6ee7fc5c2df1b15c0f313.jpg 2560w, https:\/\/basecampexplorer.com\/wp-content\/uploads\/2025\/12\/9b5df9d6b2f1a8549fd6ee7fc5c2df1b15c0f313-300x200.jpg 300w, https:\/\/basecampexplorer.com\/wp-content\/uploads\/2025\/12\/9b5df9d6b2f1a8549fd6ee7fc5c2df1b15c0f313-1024x682.jpg 1024w, https:\/\/basecampexplorer.com\/wp-content\/uploads\/2025\/12\/9b5df9d6b2f1a8549fd6ee7fc5c2df1b15c0f313-768x512.jpg 768w, https:\/\/basecampexplorer.com\/wp-content\/uploads\/2025\/12\/9b5df9d6b2f1a8549fd6ee7fc5c2df1b15c0f313-1536x1024.jpg 1536w, https:\/\/basecampexplorer.com\/wp-content\/uploads\/2025\/12\/9b5df9d6b2f1a8549fd6ee7fc5c2df1b15c0f313-2048x1365.jpg 2048w\" sizes=\"auto, (max-width: 2560px) 100vw, 2560px\" \/><\/figure>\n\n\n\n<section class=\"text-image-block\" data-layout=\"image-right\">\n  <div class=\"container ti-container\">\n\n    <div class=\"ti-image\">\n              <img decoding=\"async\" \n          src=\"https:\/\/basecampexplorer.com\/wp-content\/uploads\/2025\/12\/0804d536db3437b1a48a2940c937767c4d3c540c.jpg\" \n          alt=\"\" \n          loading=\"lazy\"\n        \/>\n          <\/div>\n\n    <div class=\"ti-text\">\n              <h1>Partnerskap med Polar Bears International<\/h1>\n      \n              <div class=\"ti-content\">\n          <p>Basecamp Explorer samarbeider med Polar Bears International, en global ideell organisasjon som arbeider for \u00e5 bevare isbj\u00f8rnen og det arktiske milj\u00f8et. Gjennom dette samarbeidet s\u00f8rger vi for at v\u00e5re operasjoner, guideoppl\u00e6ring og gjesteopplevelser er basert p\u00e5 den nyeste vitenskapelige kunnskapen. I tillegg bidrar hver gjest som blir med p\u00e5 en av ekspedisjonene v\u00e5re, med en CO\u2082-avgift som g\u00e5r direkte til Polar Bears Internationals arbeid.<\/p>\n        <\/div>\n          <\/div>\n\n  <\/div>\n<\/section>\n\n\n\n<section class=\"text-image-block\" data-layout=\"image-left\">\n  <div class=\"container ti-container\">\n\n    <div class=\"ti-image\">\n              <img decoding=\"async\" \n          src=\"https:\/\/basecampexplorer.com\/wp-content\/uploads\/2026\/03\/polar-bear-audun-dahl-3.jpeg\" \n          alt=\"\" \n          loading=\"lazy\"\n        \/>\n          <\/div>\n\n    <div class=\"ti-text\">\n              <h1>Et felles engasjement<\/h1>\n      \n              <div class=\"ti-content\">\n          <p>\u201cVi er glade for \u00e5 samarbeide med Polar Bears International for \u00e5 inspirere reisende og det globale samfunnet til \u00e5 gj\u00f8re en meningsfull innsats for Arktis. V\u00e5rt felles engasjement for utdanning og bevaring sikrer at hver gjest som bes\u00f8ker Svalbard ikke bare opplever det utrolige dyrelivet, men ogs\u00e5 blir en ambassad\u00f8r for \u00e5 beskytte det\u201d, sier Birgitte T. Vegsund, Destination Manager, Basecamp Explorer Spitsbergen.<\/p>\n        <\/div>\n          <\/div>\n\n  <\/div>\n<\/section>\n\n\n\n<section class=\"text-image-block\" data-layout=\"image-right\">\n  <div class=\"container ti-container\">\n\n    <div class=\"ti-image\">\n              <img decoding=\"async\" \n          src=\"https:\/\/basecampexplorer.com\/wp-content\/uploads\/2025\/12\/4333414faeb9b96e6f5db220cb9724c21fbdc89d.jpg\" \n          alt=\"\" \n          loading=\"lazy\"\n        \/>\n          <\/div>\n\n    <div class=\"ti-text\">\n              <h1>Vitenskapelig ledede operasjoner i isbj\u00f8rnens territorium<\/h1>\n      \n              <div class=\"ti-content\">\n          <p>V\u00e5rt partnerskap med PBI st\u00f8tter en ansvarlig tiln\u00e6rming til reiser i Arktis. Guidene f\u00e5r oppl\u00e6ring i vitenskapelig basert kunnskap om isbj\u00f8rnens atferd, sesongmessige bevegelser og habitatf\u00f8lsomhet. Dette hjelper oss med \u00e5 minimere forstyrrelser og samtidig maksimere forst\u00e5elsen og respekten for dyrelivet.<\/p>\n<p><em>For gjestene v\u00e5re betyr dette en ansvarlig reise styrt av kunnskap, respekt og bevissthet - vi tilbyr meningsfulle arktiske opplevelser samtidig som vi bidrar til \u00e5 beskytte et av verdens mest s\u00e5rbare \u00f8kosystemer.<\/em><\/p>\n        <\/div>\n          <\/div>\n\n  <\/div>\n<\/section>\n\n\n\n<section class=\"text-image-block\" data-layout=\"image-left\">\n  <div class=\"container ti-container\">\n\n    <div class=\"ti-image\">\n              <img decoding=\"async\" \n          src=\"https:\/\/basecampexplorer.com\/wp-content\/uploads\/2026\/03\/Basecamp-explorer-spitsbergen-malin-hanning-wildlife-4-6.jpg\" \n          alt=\"\" \n          loading=\"lazy\"\n        \/>\n          <\/div>\n\n    <div class=\"ti-text\">\n              <h1>Bli med p\u00e5 PBI-ekspedisjonen v\u00e5r i juli 2026<\/h1>\n      \n              <div class=\"ti-content\">\n          <p><!-- wp:paragraph --><\/p>\n<p>I samarbeid med Polar Bears International inviterer Basecamp Explorer en liten gruppe givere og oppdagelsesreisende til \u00e5 bli med p\u00e5 en eksklusiv sommerekspedisjon til Svalbard, like ved Nordpolen.<\/p>\n<p><!-- \/wp:paragraph --> <!-- wp:paragraph --><\/p>\n<p>I ti dager utforsker du Svalbard b\u00e5de til lands og til vanns, og du kombinerer avsidesliggende villmarksopphold med et ekspedisjonscruise langs isbreer, fjorder og arktiske kystlinjer.<\/p>\n<p>Fullstendig reiserute finner du her <a href=\"https:\/\/basecampexplorer.com\/nb\/arctic-expedition-summer-2026\/\">her<\/a>.<\/p>\n<p><!-- \/wp:paragraph --><\/p>\n        <\/div>\n          <\/div>\n\n  <\/div>\n<\/section>\n\n\n\n<section class=\"quote\" style=\"background-image: url(https:\/\/basecampexplorer.com\/wp-content\/uploads\/2025\/12\/BES-illustrasjoner-topografi-morkebla_Basecamp-Hotell-Longyearbyen-uten-hav-1-1.png);\">\n  <div class=\"container quote-container\">\n    <div class=\"quote-content\">\n              <h1>Isbj\u00f8rnen er en viktig indikator p\u00e5 helsetilstanden i Arktis.<br \/>\r\n\u00c5 beskytte dem begynner med \u00e5 forst\u00e5 deres verden.<\/h1>\n            \n          <\/div>\n  <\/div>\n<\/section>","protected":false},"excerpt":{"rendered":"","protected":false},"author":1,"featured_media":0,"parent":0,"menu_order":11,"comment_status":"closed","ping_status":"closed","template":"","meta":{"_acf_changed":false,"footnotes":""},"class_list":["post-813","page","type-page","status-publish","hentry"],"acf":[],"yoast_head":"<!-- This site is optimized with the Yoast SEO plugin v27.2 - https:\/\/yoast.com\/product\/yoast-seo-wordpress\/ -->\n<title>Conservation - Basecamp Explorer<\/title>\n<meta name=\"robots\" content=\"index, follow, max-snippet:-1, max-image-preview:large, max-video-preview:-1\" \/>\n<link rel=\"canonical\" href=\"https:\/\/basecampexplorer.com\/nb\/conservation\/\" \/>\n<meta property=\"og:locale\" content=\"nb_NO\" \/>\n<meta property=\"og:type\" content=\"article\" \/>\n<meta property=\"og:title\" content=\"Conservation - Basecamp Explorer\" \/>\n<meta property=\"og:url\" content=\"https:\/\/basecampexplorer.com\/nb\/conservation\/\" \/>\n<meta property=\"og:site_name\" content=\"Basecamp Explorer\" \/>\n<meta property=\"article:modified_time\" content=\"2026-03-05T13:47:10+00:00\" \/>\n<meta property=\"og:image\" content=\"https:\/\/basecampexplorer.com\/wp-content\/uploads\/2025\/12\/9b5df9d6b2f1a8549fd6ee7fc5c2df1b15c0f313.jpg\" \/>\n\t<meta property=\"og:image:width\" content=\"2560\" \/>\n\t<meta property=\"og:image:height\" content=\"1706\" \/>\n\t<meta property=\"og:image:type\" content=\"image\/jpeg\" \/>\n<meta name=\"twitter:card\" content=\"summary_large_image\" \/>\n<script type=\"application\/ld+json\" class=\"yoast-schema-graph\">{\"@context\":\"https:\/\/schema.org\",\"@graph\":[{\"@type\":\"WebPage\",\"@id\":\"https:\/\/basecampexplorer.com\/conservation\/\",\"url\":\"https:\/\/basecampexplorer.com\/conservation\/\",\"name\":\"Conservation - Basecamp Explorer\",\"isPartOf\":{\"@id\":\"https:\/\/basecampexplorer.com\/#website\"},\"primaryImageOfPage\":{\"@id\":\"https:\/\/basecampexplorer.com\/conservation\/#primaryimage\"},\"image\":{\"@id\":\"https:\/\/basecampexplorer.com\/conservation\/#primaryimage\"},\"thumbnailUrl\":\"https:\/\/basecampexplorer.com\/wp-content\/uploads\/2025\/12\/9b5df9d6b2f1a8549fd6ee7fc5c2df1b15c0f313.jpg\",\"datePublished\":\"2025-12-29T10:00:20+00:00\",\"dateModified\":\"2026-03-05T13:47:10+00:00\",\"breadcrumb\":{\"@id\":\"https:\/\/basecampexplorer.com\/conservation\/#breadcrumb\"},\"inLanguage\":\"nb-NO\",\"potentialAction\":[{\"@type\":\"ReadAction\",\"target\":[\"https:\/\/basecampexplorer.com\/conservation\/\"]}]},{\"@type\":\"ImageObject\",\"inLanguage\":\"nb-NO\",\"@id\":\"https:\/\/basecampexplorer.com\/conservation\/#primaryimage\",\"url\":\"https:\/\/basecampexplorer.com\/wp-content\/uploads\/2025\/12\/9b5df9d6b2f1a8549fd6ee7fc5c2df1b15c0f313.jpg\",\"contentUrl\":\"https:\/\/basecampexplorer.com\/wp-content\/uploads\/2025\/12\/9b5df9d6b2f1a8549fd6ee7fc5c2df1b15c0f313.jpg\"},{\"@type\":\"BreadcrumbList\",\"@id\":\"https:\/\/basecampexplorer.com\/conservation\/#breadcrumb\",\"itemListElement\":[{\"@type\":\"ListItem\",\"position\":1,\"name\":\"Home\",\"item\":\"https:\/\/basecampexplorer.com\/\"},{\"@type\":\"ListItem\",\"position\":2,\"name\":\"Conservation\"}]},{\"@type\":\"WebSite\",\"@id\":\"https:\/\/basecampexplorer.com\/#website\",\"url\":\"https:\/\/basecampexplorer.com\/\",\"name\":\"Basecamp Explorer\",\"description\":\"\",\"publisher\":{\"@id\":\"https:\/\/basecampexplorer.com\/#organization\"},\"potentialAction\":[{\"@type\":\"SearchAction\",\"target\":{\"@type\":\"EntryPoint\",\"urlTemplate\":\"https:\/\/basecampexplorer.com\/?s={search_term_string}\"},\"query-input\":{\"@type\":\"PropertyValueSpecification\",\"valueRequired\":true,\"valueName\":\"search_term_string\"}}],\"inLanguage\":\"nb-NO\"},{\"@type\":\"Organization\",\"@id\":\"https:\/\/basecampexplorer.com\/#organization\",\"name\":\"Basecamp Explorer\",\"url\":\"https:\/\/basecampexplorer.com\/\",\"logo\":{\"@type\":\"ImageObject\",\"inLanguage\":\"nb-NO\",\"@id\":\"https:\/\/basecampexplorer.com\/#\/schema\/logo\/image\/\",\"url\":\"https:\/\/basecampexplorer.com\/wp-content\/uploads\/2026\/01\/image-3-2.png\",\"contentUrl\":\"https:\/\/basecampexplorer.com\/wp-content\/uploads\/2026\/01\/image-3-2.png\",\"width\":639,\"height\":437,\"caption\":\"Basecamp Explorer\"},\"image\":{\"@id\":\"https:\/\/basecampexplorer.com\/#\/schema\/logo\/image\/\"},\"sameAs\":[\"https:\/\/www.instagram.com\/basecampexplorer\/\"]}]}<\/script>\n<!-- \/ Yoast SEO plugin. -->","yoast_head_json":{"title":"Naturvern - Basecamp Explorer","robots":{"index":"index","follow":"follow","max-snippet":"max-snippet:-1","max-image-preview":"max-image-preview:large","max-video-preview":"max-video-preview:-1"},"canonical":"https:\/\/basecampexplorer.com\/nb\/conservation\/","og_locale":"nb_NO","og_type":"article","og_title":"Conservation - Basecamp Explorer","og_url":"https:\/\/basecampexplorer.com\/nb\/conservation\/","og_site_name":"Basecamp Explorer","article_modified_time":"2026-03-05T13:47:10+00:00","og_image":[{"width":2560,"height":1706,"url":"https:\/\/basecampexplorer.com\/wp-content\/uploads\/2025\/12\/9b5df9d6b2f1a8549fd6ee7fc5c2df1b15c0f313.jpg","type":"image\/jpeg"}],"twitter_card":"summary_large_image","schema":{"@context":"https:\/\/schema.org","@graph":[{"@type":"WebPage","@id":"https:\/\/basecampexplorer.com\/conservation\/","url":"https:\/\/basecampexplorer.com\/conservation\/","name":"Naturvern - Basecamp Explorer","isPartOf":{"@id":"https:\/\/basecampexplorer.com\/#website"},"primaryImageOfPage":{"@id":"https:\/\/basecampexplorer.com\/conservation\/#primaryimage"},"image":{"@id":"https:\/\/basecampexplorer.com\/conservation\/#primaryimage"},"thumbnailUrl":"https:\/\/basecampexplorer.com\/wp-content\/uploads\/2025\/12\/9b5df9d6b2f1a8549fd6ee7fc5c2df1b15c0f313.jpg","datePublished":"2025-12-29T10:00:20+00:00","dateModified":"2026-03-05T13:47:10+00:00","breadcrumb":{"@id":"https:\/\/basecampexplorer.com\/conservation\/#breadcrumb"},"inLanguage":"nb-NO","potentialAction":[{"@type":"ReadAction","target":["https:\/\/basecampexplorer.com\/conservation\/"]}]},{"@type":"ImageObject","inLanguage":"nb-NO","@id":"https:\/\/basecampexplorer.com\/conservation\/#primaryimage","url":"https:\/\/basecampexplorer.com\/wp-content\/uploads\/2025\/12\/9b5df9d6b2f1a8549fd6ee7fc5c2df1b15c0f313.jpg","contentUrl":"https:\/\/basecampexplorer.com\/wp-content\/uploads\/2025\/12\/9b5df9d6b2f1a8549fd6ee7fc5c2df1b15c0f313.jpg"},{"@type":"BreadcrumbList","@id":"https:\/\/basecampexplorer.com\/conservation\/#breadcrumb","itemListElement":[{"@type":"ListItem","position":1,"name":"Home","item":"https:\/\/basecampexplorer.com\/"},{"@type":"ListItem","position":2,"name":"Conservation"}]},{"@type":"WebSite","@id":"https:\/\/basecampexplorer.com\/#website","url":"https:\/\/basecampexplorer.com\/","name":"Basecamp Explorer","description":"","publisher":{"@id":"https:\/\/basecampexplorer.com\/#organization"},"potentialAction":[{"@type":"SearchAction","target":{"@type":"EntryPoint","urlTemplate":"https:\/\/basecampexplorer.com\/?s={search_term_string}"},"query-input":{"@type":"PropertyValueSpecification","valueRequired":true,"valueName":"search_term_string"}}],"inLanguage":"nb-NO"},{"@type":"Organization","@id":"https:\/\/basecampexplorer.com\/#organization","name":"Basecamp Explorer","url":"https:\/\/basecampexplorer.com\/","logo":{"@type":"ImageObject","inLanguage":"nb-NO","@id":"https:\/\/basecampexplorer.com\/#\/schema\/logo\/image\/","url":"https:\/\/basecampexplorer.com\/wp-content\/uploads\/2026\/01\/image-3-2.png","contentUrl":"https:\/\/basecampexplorer.com\/wp-content\/uploads\/2026\/01\/image-3-2.png","width":639,"height":437,"caption":"Basecamp Explorer"},"image":{"@id":"https:\/\/basecampexplorer.com\/#\/schema\/logo\/image\/"},"sameAs":["https:\/\/www.instagram.com\/basecampexplorer\/"]}]}},"_links":{"self":[{"href":"https:\/\/basecampexplorer.com\/nb\/wp-json\/wp\/v2\/pages\/813","targetHints":{"allow":["GET"]}}],"collection":[{"href":"https:\/\/basecampexplorer.com\/nb\/wp-json\/wp\/v2\/pages"}],"about":[{"href":"https:\/\/basecampexplorer.com\/nb\/wp-json\/wp\/v2\/types\/page"}],"author":[{"embeddable":true,"href":"https:\/\/basecampexplorer.com\/nb\/wp-json\/wp\/v2\/users\/1"}],"replies":[{"embeddable":true,"href":"https:\/\/basecampexplorer.com\/nb\/wp-json\/wp\/v2\/comments?post=813"}],"version-history":[{"count":12,"href":"https:\/\/basecampexplorer.com\/nb\/wp-json\/wp\/v2\/pages\/813\/revisions"}],"predecessor-version":[{"id":3732,"href":"https:\/\/basecampexplorer.com\/nb\/wp-json\/wp\/v2\/pages\/813\/revisions\/3732"}],"wp:attachment":[{"href":"https:\/\/basecampexplorer.com\/nb\/wp-json\/wp\/v2\/media?parent=813"}],"curies":[{"name":"wp","href":"https:\/\/api.w.org\/{rel}","templated":true}]}}