{"id":833,"date":"2025-12-30T04:22:55","date_gmt":"2025-12-30T04:22:55","guid":{"rendered":"https:\/\/baseca-28691.angelo-osl.servebolt.cloud\/?page_id=833"},"modified":"2026-03-06T11:44:42","modified_gmt":"2026-03-06T11:44:42","slug":"maps-routes","status":"publish","type":"page","link":"https:\/\/basecampexplorer.com\/nb\/maps-routes\/","title":{"rendered":"Kart og ruter"},"content":{"rendered":"<section class=\"hero-reusable\" data-height=\"550px\">\n      <!-- Image Background -->\n    <div class=\"hero-reusable-bg\" style=\"background-image: url('https:\/\/basecampexplorer.com\/wp-content\/uploads\/2025\/12\/f08f36f7f718d018dbd952ce420d26cc2010df31.jpg');\"><\/div>\n  \n  <div class=\"hero-reusable-overlay\"><\/div>\n\n  <div class=\"container hero-reusable-content text-center\">\n          <p class=\"hero-reusable-sub\">Basecamp<\/p>\n        \n          <div class=\"hero-reusable-title\">\n        <p>Kart og ruter<\/p>\n      <\/div>\n      <\/div>\n<\/section>\n\n\n\n<section class=\"split-bg-section\" style=\"background: rgb(247, 247, 247); color: #4a6a7b;\">\n      <div class=\"split-bg split-left\" style=\"background-image: url(https:\/\/basecampexplorer.com\/wp-content\/uploads\/2025\/12\/BES-illustrasjoner-topografi-morkebla_Nordenskiold-Lodge-uten-hav-3.png);\"><\/div>\n    <div class=\"split-bg split-right\" style=\"background-image: url(https:\/\/basecampexplorer.com\/wp-content\/uploads\/2025\/12\/BES-illustrasjoner-topografi-morkebla_Basecamp-Hotell-Longyearbyen-uten-hav-3.png);\"><\/div>\n  \n  <div class=\"split-content\" style=\"background: transparent;\">\n          <div class=\"text-content\">\n        <p>Svalbard er stort, avsidesliggende og formet av mektige naturkrefter. Reisene v\u00e5re starter fra et lite antall n\u00f8ye utvalgte basecamps, med ruter som tilpasser seg \u00e5rstidene, terrenget og de arktiske forholdene. Dette kartet gir en oversikt over hvor eventyrene v\u00e5re utfolder seg.<\/p>\n      <\/div>\n      <\/div>\n<\/section>\n\n\n\n<figure class=\"wp-block-image size-full fullwidth-reuseable-image\"><img loading=\"lazy\" decoding=\"async\" width=\"2560\" height=\"1166\" src=\"https:\/\/basecampexplorer.com\/wp-content\/uploads\/2026\/03\/BES-kart-Svalbard_cropped-for-web_lowres.jpg\" alt=\"\" class=\"wp-image-3645\" style=\"object-fit:cover\" srcset=\"https:\/\/basecampexplorer.com\/wp-content\/uploads\/2026\/03\/BES-kart-Svalbard_cropped-for-web_lowres.jpg 2560w, https:\/\/basecampexplorer.com\/wp-content\/uploads\/2026\/03\/BES-kart-Svalbard_cropped-for-web_lowres-300x137.jpg 300w, https:\/\/basecampexplorer.com\/wp-content\/uploads\/2026\/03\/BES-kart-Svalbard_cropped-for-web_lowres-1024x466.jpg 1024w, https:\/\/basecampexplorer.com\/wp-content\/uploads\/2026\/03\/BES-kart-Svalbard_cropped-for-web_lowres-768x350.jpg 768w, https:\/\/basecampexplorer.com\/wp-content\/uploads\/2026\/03\/BES-kart-Svalbard_cropped-for-web_lowres-1536x700.jpg 1536w, https:\/\/basecampexplorer.com\/wp-content\/uploads\/2026\/03\/BES-kart-Svalbard_cropped-for-web_lowres-2048x933.jpg 2048w, https:\/\/basecampexplorer.com\/wp-content\/uploads\/2026\/03\/BES-kart-Svalbard_cropped-for-web_lowres-18x8.jpg 18w\" sizes=\"auto, (max-width: 2560px) 100vw, 2560px\" \/><\/figure>\n\n\n\n<section class=\"text-image-block\" data-layout=\"image-right\">\n  <div class=\"container ti-container\">\n\n    <div class=\"ti-image\">\n              <img decoding=\"async\" \n          src=\"https:\/\/basecampexplorer.com\/wp-content\/uploads\/2025\/12\/Rectangle-21-1.png\" \n          alt=\"\" \n          loading=\"lazy\"\n        \/>\n          <\/div>\n\n    <div class=\"ti-text\">\n              <h1>Sommerruter<\/h1>\n      \n              <div class=\"ti-content\">\n          <p>Om sommeren tilbyr Basecamp Explorer opplevelser som viser frem Svalbards villmark og avsidesliggende kyster. Du kan bestille dagsturer rundt Longyearbyen eller ta b\u00e5tsafari til utposter der fotturer, kajakkpadling og brevandring st\u00e5r p\u00e5 menyen, og oppleve dyrelivet og den \u00e5pne tundraen under midnattssolen.<\/p>\n        <\/div>\n          <\/div>\n\n  <\/div>\n<\/section>\n\n\n\n<section class=\"text-image-block\" data-layout=\"image-left\" style=\"--decorative-line-url: url(https:\/\/basecampexplorer.com\/wp-content\/uploads\/2025\/12\/black-Vector-6-1.png); --long-line-url: url(https:\/\/basecampexplorer.com\/wp-content\/uploads\/2025\/12\/Vector-6-1.png);\">\n  <div class=\"container ti-container\">\n\n    <div class=\"ti-image has-decorative-line has-long-line\">\n              <img decoding=\"async\" \n          src=\"https:\/\/basecampexplorer.com\/wp-content\/uploads\/2026\/02\/Basecamp-Explorer-Spitsbergen_Samuele-Cavicchi_Snowmobiling_2025_128.jpg\" \n          alt=\"\" \n          loading=\"lazy\"\n        \/>\n          <\/div>\n\n    <div class=\"ti-text\">\n              <h1>Vinterruter<\/h1>\n      \n              <div class=\"ti-content\">\n          <p>Om vinteren kan du l\u00e6re \u00e5 kj\u00f8re sn\u00f8scooter eller kj\u00f8re hundespann, enten det er p\u00e5 en dagstur rundt Longyearbyen eller en ekspedisjon p\u00e5 flere netter dypt inn i den arktiske villmarken. Vinteren gir ogs\u00e5 mulighet til \u00e5 jakte p\u00e5 nordlys p\u00e5 korte turer eller lengre pakker til hyttene v\u00e5re.<\/p>\n        <\/div>\n          <\/div>\n\n  <\/div>\n<\/section>\n\n\n\n<section class=\"text-image-block\" data-layout=\"image-right\">\n  <div class=\"container ti-container\">\n\n    <div class=\"ti-image\">\n              <img decoding=\"async\" \n          src=\"https:\/\/basecampexplorer.com\/wp-content\/uploads\/2025\/12\/0b513aef44e661a1decb954a14e041613c0deff6.jpg\" \n          alt=\"\" \n          loading=\"lazy\"\n        \/>\n          <\/div>\n\n    <div class=\"ti-text\">\n              <h1>Polar Night Routes<\/h1>\n      \n              <div class=\"ti-content\">\n          <p data-start=\"135\" data-end=\"386\">I de m\u00f8rkeste m\u00e5nedene, fra oktober til januar, utfolder livet seg i polarnattens bl\u00e5 tussm\u00f8rke. I denne sesongen foreg\u00e5r aktivitetene v\u00e5re i villmarken rundt Longyearbyen. N\u00e6r byen, men likevel midt i det arktiske landskapet.<\/p>\n<p>&nbsp;<\/p>\n        <\/div>\n          <\/div>\n\n  <\/div>\n<\/section>","protected":false},"excerpt":{"rendered":"","protected":false},"author":1,"featured_media":0,"parent":0,"menu_order":20,"comment_status":"closed","ping_status":"closed","template":"","meta":{"_acf_changed":false,"footnotes":""},"class_list":["post-833","page","type-page","status-publish","hentry"],"acf":[],"yoast_head":"<!-- This site is optimized with the Yoast SEO plugin v27.2 - https:\/\/yoast.com\/product\/yoast-seo-wordpress\/ -->\n<title>Maps &amp; Routes - Basecamp Explorer<\/title>\n<meta name=\"robots\" content=\"index, follow, max-snippet:-1, max-image-preview:large, max-video-preview:-1\" \/>\n<link rel=\"canonical\" href=\"https:\/\/basecampexplorer.com\/nb\/maps-routes\/\" \/>\n<meta property=\"og:locale\" content=\"nb_NO\" \/>\n<meta property=\"og:type\" content=\"article\" \/>\n<meta property=\"og:title\" content=\"Maps &amp; Routes - Basecamp Explorer\" \/>\n<meta property=\"og:url\" content=\"https:\/\/basecampexplorer.com\/nb\/maps-routes\/\" \/>\n<meta property=\"og:site_name\" content=\"Basecamp Explorer\" \/>\n<meta property=\"article:modified_time\" content=\"2026-03-06T11:44:42+00:00\" \/>\n<meta property=\"og:image\" content=\"https:\/\/basecampexplorer.com\/wp-content\/uploads\/2026\/03\/BES-kart-Svalbard_cropped-for-web_lowres.jpg\" \/>\n\t<meta property=\"og:image:width\" content=\"2560\" \/>\n\t<meta property=\"og:image:height\" content=\"1166\" \/>\n\t<meta property=\"og:image:type\" content=\"image\/jpeg\" \/>\n<meta name=\"twitter:card\" content=\"summary_large_image\" \/>\n<script type=\"application\/ld+json\" class=\"yoast-schema-graph\">{\"@context\":\"https:\/\/schema.org\",\"@graph\":[{\"@type\":\"WebPage\",\"@id\":\"https:\/\/basecampexplorer.com\/maps-routes\/\",\"url\":\"https:\/\/basecampexplorer.com\/maps-routes\/\",\"name\":\"Maps &amp; Routes - Basecamp Explorer\",\"isPartOf\":{\"@id\":\"https:\/\/basecampexplorer.com\/#website\"},\"primaryImageOfPage\":{\"@id\":\"https:\/\/basecampexplorer.com\/maps-routes\/#primaryimage\"},\"image\":{\"@id\":\"https:\/\/basecampexplorer.com\/maps-routes\/#primaryimage\"},\"thumbnailUrl\":\"https:\/\/basecampexplorer.com\/wp-content\/uploads\/2026\/03\/BES-kart-Svalbard_cropped-for-web_lowres.jpg\",\"datePublished\":\"2025-12-30T04:22:55+00:00\",\"dateModified\":\"2026-03-06T11:44:42+00:00\",\"breadcrumb\":{\"@id\":\"https:\/\/basecampexplorer.com\/maps-routes\/#breadcrumb\"},\"inLanguage\":\"nb-NO\",\"potentialAction\":[{\"@type\":\"ReadAction\",\"target\":[\"https:\/\/basecampexplorer.com\/maps-routes\/\"]}]},{\"@type\":\"ImageObject\",\"inLanguage\":\"nb-NO\",\"@id\":\"https:\/\/basecampexplorer.com\/maps-routes\/#primaryimage\",\"url\":\"https:\/\/basecampexplorer.com\/wp-content\/uploads\/2026\/03\/BES-kart-Svalbard_cropped-for-web_lowres.jpg\",\"contentUrl\":\"https:\/\/basecampexplorer.com\/wp-content\/uploads\/2026\/03\/BES-kart-Svalbard_cropped-for-web_lowres.jpg\"},{\"@type\":\"BreadcrumbList\",\"@id\":\"https:\/\/basecampexplorer.com\/maps-routes\/#breadcrumb\",\"itemListElement\":[{\"@type\":\"ListItem\",\"position\":1,\"name\":\"Home\",\"item\":\"https:\/\/basecampexplorer.com\/\"},{\"@type\":\"ListItem\",\"position\":2,\"name\":\"Maps &amp; Routes\"}]},{\"@type\":\"WebSite\",\"@id\":\"https:\/\/basecampexplorer.com\/#website\",\"url\":\"https:\/\/basecampexplorer.com\/\",\"name\":\"Basecamp Explorer\",\"description\":\"\",\"publisher\":{\"@id\":\"https:\/\/basecampexplorer.com\/#organization\"},\"potentialAction\":[{\"@type\":\"SearchAction\",\"target\":{\"@type\":\"EntryPoint\",\"urlTemplate\":\"https:\/\/basecampexplorer.com\/?s={search_term_string}\"},\"query-input\":{\"@type\":\"PropertyValueSpecification\",\"valueRequired\":true,\"valueName\":\"search_term_string\"}}],\"inLanguage\":\"nb-NO\"},{\"@type\":\"Organization\",\"@id\":\"https:\/\/basecampexplorer.com\/#organization\",\"name\":\"Basecamp Explorer\",\"url\":\"https:\/\/basecampexplorer.com\/\",\"logo\":{\"@type\":\"ImageObject\",\"inLanguage\":\"nb-NO\",\"@id\":\"https:\/\/basecampexplorer.com\/#\/schema\/logo\/image\/\",\"url\":\"https:\/\/basecampexplorer.com\/wp-content\/uploads\/2026\/01\/image-3-2.png\",\"contentUrl\":\"https:\/\/basecampexplorer.com\/wp-content\/uploads\/2026\/01\/image-3-2.png\",\"width\":639,\"height\":437,\"caption\":\"Basecamp Explorer\"},\"image\":{\"@id\":\"https:\/\/basecampexplorer.com\/#\/schema\/logo\/image\/\"},\"sameAs\":[\"https:\/\/www.instagram.com\/basecampexplorer\/\"]}]}<\/script>\n<!-- \/ Yoast SEO plugin. -->","yoast_head_json":{"title":"Kart og ruter - Basecamp Explorer","robots":{"index":"index","follow":"follow","max-snippet":"max-snippet:-1","max-image-preview":"max-image-preview:large","max-video-preview":"max-video-preview:-1"},"canonical":"https:\/\/basecampexplorer.com\/nb\/maps-routes\/","og_locale":"nb_NO","og_type":"article","og_title":"Maps &amp; Routes - Basecamp Explorer","og_url":"https:\/\/basecampexplorer.com\/nb\/maps-routes\/","og_site_name":"Basecamp Explorer","article_modified_time":"2026-03-06T11:44:42+00:00","og_image":[{"width":2560,"height":1166,"url":"https:\/\/basecampexplorer.com\/wp-content\/uploads\/2026\/03\/BES-kart-Svalbard_cropped-for-web_lowres.jpg","type":"image\/jpeg"}],"twitter_card":"summary_large_image","schema":{"@context":"https:\/\/schema.org","@graph":[{"@type":"WebPage","@id":"https:\/\/basecampexplorer.com\/maps-routes\/","url":"https:\/\/basecampexplorer.com\/maps-routes\/","name":"Kart og ruter - Basecamp Explorer","isPartOf":{"@id":"https:\/\/basecampexplorer.com\/#website"},"primaryImageOfPage":{"@id":"https:\/\/basecampexplorer.com\/maps-routes\/#primaryimage"},"image":{"@id":"https:\/\/basecampexplorer.com\/maps-routes\/#primaryimage"},"thumbnailUrl":"https:\/\/basecampexplorer.com\/wp-content\/uploads\/2026\/03\/BES-kart-Svalbard_cropped-for-web_lowres.jpg","datePublished":"2025-12-30T04:22:55+00:00","dateModified":"2026-03-06T11:44:42+00:00","breadcrumb":{"@id":"https:\/\/basecampexplorer.com\/maps-routes\/#breadcrumb"},"inLanguage":"nb-NO","potentialAction":[{"@type":"ReadAction","target":["https:\/\/basecampexplorer.com\/maps-routes\/"]}]},{"@type":"ImageObject","inLanguage":"nb-NO","@id":"https:\/\/basecampexplorer.com\/maps-routes\/#primaryimage","url":"https:\/\/basecampexplorer.com\/wp-content\/uploads\/2026\/03\/BES-kart-Svalbard_cropped-for-web_lowres.jpg","contentUrl":"https:\/\/basecampexplorer.com\/wp-content\/uploads\/2026\/03\/BES-kart-Svalbard_cropped-for-web_lowres.jpg"},{"@type":"BreadcrumbList","@id":"https:\/\/basecampexplorer.com\/maps-routes\/#breadcrumb","itemListElement":[{"@type":"ListItem","position":1,"name":"Home","item":"https:\/\/basecampexplorer.com\/"},{"@type":"ListItem","position":2,"name":"Maps &amp; Routes"}]},{"@type":"WebSite","@id":"https:\/\/basecampexplorer.com\/#website","url":"https:\/\/basecampexplorer.com\/","name":"Basecamp Explorer","description":"","publisher":{"@id":"https:\/\/basecampexplorer.com\/#organization"},"potentialAction":[{"@type":"SearchAction","target":{"@type":"EntryPoint","urlTemplate":"https:\/\/basecampexplorer.com\/?s={search_term_string}"},"query-input":{"@type":"PropertyValueSpecification","valueRequired":true,"valueName":"search_term_string"}}],"inLanguage":"nb-NO"},{"@type":"Organization","@id":"https:\/\/basecampexplorer.com\/#organization","name":"Basecamp Explorer","url":"https:\/\/basecampexplorer.com\/","logo":{"@type":"ImageObject","inLanguage":"nb-NO","@id":"https:\/\/basecampexplorer.com\/#\/schema\/logo\/image\/","url":"https:\/\/basecampexplorer.com\/wp-content\/uploads\/2026\/01\/image-3-2.png","contentUrl":"https:\/\/basecampexplorer.com\/wp-content\/uploads\/2026\/01\/image-3-2.png","width":639,"height":437,"caption":"Basecamp Explorer"},"image":{"@id":"https:\/\/basecampexplorer.com\/#\/schema\/logo\/image\/"},"sameAs":["https:\/\/www.instagram.com\/basecampexplorer\/"]}]}},"_links":{"self":[{"href":"https:\/\/basecampexplorer.com\/nb\/wp-json\/wp\/v2\/pages\/833","targetHints":{"allow":["GET"]}}],"collection":[{"href":"https:\/\/basecampexplorer.com\/nb\/wp-json\/wp\/v2\/pages"}],"about":[{"href":"https:\/\/basecampexplorer.com\/nb\/wp-json\/wp\/v2\/types\/page"}],"author":[{"embeddable":true,"href":"https:\/\/basecampexplorer.com\/nb\/wp-json\/wp\/v2\/users\/1"}],"replies":[{"embeddable":true,"href":"https:\/\/basecampexplorer.com\/nb\/wp-json\/wp\/v2\/comments?post=833"}],"version-history":[{"count":25,"href":"https:\/\/basecampexplorer.com\/nb\/wp-json\/wp\/v2\/pages\/833\/revisions"}],"predecessor-version":[{"id":3836,"href":"https:\/\/basecampexplorer.com\/nb\/wp-json\/wp\/v2\/pages\/833\/revisions\/3836"}],"wp:attachment":[{"href":"https:\/\/basecampexplorer.com\/nb\/wp-json\/wp\/v2\/media?parent=833"}],"curies":[{"name":"wp","href":"https:\/\/api.w.org\/{rel}","templated":true}]}}